{"id":2585,"date":"2024-12-31T07:24:27","date_gmt":"2024-12-31T07:24:27","guid":{"rendered":"https:\/\/cmarcial.wp.omitsisdev.com\/envirnment\/"},"modified":"2026-01-19T13:40:49","modified_gmt":"2026-01-19T13:40:49","slug":"environment","status":"publish","type":"page","link":"https:\/\/www.casa-marcial.com\/fr\/environment\/","title":{"rendered":"Environment"},"content":{"rendered":"\n<div\n\tstyle=\" background: url(https:\/\/www.casa-marcial.com\/wp-content\/uploads\/2024\/12\/besalu.jpg) no-repeat center center \/ cover; margin-bottom:var(--wp--preset--spacing--space-90);\" class=\"omt-multi-hero has-background-color has-none-background-color wp-block-omt-multi-hero\"\t>\n\t<div class=\"container\">\n\t\t\t\t<div class=\"omt-multi-hero__content animation-element bounce-up text-center\">\n\n\t\t\t<h1 class=\"omt-multi-hero__title\">Besal\u00fa<\/h1>\n\t\t\t\t\t\t\t<div class=\"omt-multi-hero__description\">\n\t\t\t\t\t<p>Situ\u00e9e dans la basse Garrotxa, \u00e0 cheval entre les comt\u00e9s de Pla de l&rsquo;Estany et de l&rsquo;Alt Empord\u00e0, Besal\u00fa b\u00e9n\u00e9ficie d&rsquo;une situation g\u00e9ographique privil\u00e9gi\u00e9e.<\/p>\n\t\t\t\t<\/div>\n\t\t\t\t\t\t<div class=\"omt-multi-hero__buttons omt--multiple-button\">\n\t\t\t\t\t\t\t\t\t<div class=\"omt-buttons  omt-multi-hero__cta\"><a class=\"omt-button  omt-button--transparent\" href=\"https:\/\/direct-book.com\/properties\/hotelcasamarcial?locale=en&#038;items%5B0%5D%5Badults%5D=2&#038;items%5B0%5D%5Bchildren%5D=0&#038;items%5B0%5D%5Binfants%5D=0&#038;currency=EUR&#038;checkInDate=2026-01-19&#038;checkOutDate=2026-01-20&#038;trackPage=yes\"  target=\"_blank\">R\u00e9servez maintenant au meilleur prix<\/a><\/div>\t\t\t<\/div>\n\t\t<\/div>\n\t<\/div>\n<\/div>\n\n\n<div\nclass=\"omt-container has-none-background-color omt-container__wrapper--none wp-block-omt-container\" id=\"block_906ae6565da954318d953de2aeb05105\">\n\t<div class=\"omt-container__wrapper omt-container__wrapper--normal omt-container__wrapper--offset-\">\n\t\t<div class=\"acf-innerblocks-container\">\n\n<div\n\tstyle=\"padding-top:var(--wp--preset--spacing--space-90);padding-bottom:var(--wp--preset--spacing--space-90);\" class=\"omt-details-content wp-block-omt-details-content\"\t>\n\t\t<div class=\"container\">\n\t\t<div class=\"omt-details-content__main animation-element bounce-up text-left\">\n\t\t\t\t\t\t\t<h2 class=\"omt-content-list__heading\">\n\t\t\t\t\tBien qu&#039;il soit situ\u00e9 de mani\u00e8re unique entre des sites ib\u00e9riques et romains, Besal\u00fa est essentiellement une ville m\u00e9di\u00e9vale.<\/h2>\n\t\t\t\t\t\t\t\t\t\t<div class=\"omt-details-content__txt\"><p>Elle fut la capitale du comt\u00e9 entre le IXe et le XIIe si\u00e8cle. En raison de l&rsquo;installation de nombreuses personnes juives \u00e0 Besal\u00fa entre le IXe et le XVe si\u00e8cle, une importante communaut\u00e9 juive s&rsquo;y est form\u00e9e. Un ensemble de monuments, situ\u00e9 dans un petit espace, t\u00e9moigne de sa grande splendeur : le pont roman (XIe si\u00e8cle) ; les \u00e9glises romanes de Sant Pere (Xe si\u00e8cle), Sant Vicens (IXe si\u00e8cle), Santa Maria (XIIe si\u00e8cle), Sant Juli\u00e0 (XIIe si\u00e8cle) ; les bains juifs (Mikw\u00e8), les seuls en Espagne (du XIIe au XIIIe si\u00e8cle) ; les vestiges de la muraille m\u00e9di\u00e9vale ; Can Llaudes (civil roman) ; la maison Tallaferro (style gothique) ; la Place principale&#8230;<\/p>\n<\/div>\n\t\t\t\t\t\t<div class=\"omt-buttons  omt-multi-hero__cta info-arrow-btn\"><a class=\"omt-button  omt-button--transparent-red\" href=\"http:\/\/www.besalu.cat\/\"  target=\"_blank\">+Infos<\/a><\/div>\t\t<\/div>\n\t<\/div>\n<\/div>\n\n<\/div>\n\t<\/div>\n<\/div>\n\n\n\n<div\n\tstyle=\"padding-top:var(--wp--preset--spacing--space-90);padding-bottom:var(--wp--preset--spacing--space-90);\" class=\"omt-video-banner wp-block-omt-video-banner\"\t>\n\t\t\t\t<div class=\"container-full-width\">\n\t\t\t<div class=\"omt-video-banner__wrapper\" style=\"background-image: url(https:\/\/www.casa-marcial.com\/wp-content\/uploads\/2024\/12\/6635439167_9ec5c0b261_b.jpg)\">\n\t\t\t\t<div class=\"omt-video-banner__desc animation-element bounce-up\">\n\t\t\t\t\t\t\t\t\t\t\t<h2 class=\"omt-video-banner__title\">Pyr\u00e9n\u00e9es catalanes<\/h2>\n\t\t\t\t\t\t\t\t\t\t\t\t\t\t\t\t<div class=\"omt-video-banner__txt\">\u00c0 70 km des principales stations de ski du Pirineu Giron\u00ed.<\/div>\n\t\t\t\t\t\t\t\t\t\t<span class=\"omt-video-banner__button\">\n\t\t\t\t\t\t<svg version=\"1.1\" xmlns=\"http:\/\/www.w3.org\/2000\/svg\" xmlns:xlink=\"http:\/\/www.w3.org\/1999\/xlink\" width=\"600px\" height=\"800px\" x=\"0px\" y=\"0px\" viewBox=\"0 0 600 800\" enable-background=\"new 0 0 600 800\" xml:space=\"preserve\">\n\t\t\t\t\t\t\t<path fill=\"none\" d=\"M0-1.79v800L600,395L0-1.79z\"><\/path>\n\t\t\t\t\t\t<\/svg>\n\t\t\t\t\t<\/span>\n\t\t\t\t<\/div>\n\t\t\t\t<div class=\"omt-video-banner__popup\">\n\t\t\t\t\t<div class=\"omt-video-banner__popup-wrapper\">\n\t\t\t\t\t\t<iframe src=\"https:\/\/player.vimeo.com\/video\/65573314\" class=\"omt-video-banner__popup-video\" frameborder=\"0\" allow=\"autoplay; fullscreen; picture-in-picture\" allowfullscreen><\/iframe>\t\t\t\t\t\t<svg width=\"22\" class=\"omt-video-banner__popup-close\" height=\"22\" viewBox=\"0 0 22 22\" fill=\"none\" xmlns=\"http:\/\/www.w3.org\/2000\/svg\">\n\t\t\t\t\t\t\t<path id=\"Vector\" d=\"M19.5716 2.42847L2.42871 19.5713M2.42871 2.42847L19.5716 19.5713\" stroke=\"white\" stroke-width=\"3\" stroke-linecap=\"round\" stroke-linejoin=\"round\" \/>\n\t\t\t\t\t\t<\/svg>\n\t\t\t\t\t<\/div>\n\t\t\t\t<\/div>\n\t\t\t<\/div>\n\t\t\t\t\t<\/div>\n\t<\/div>\n\n\n<div\nclass=\"omt-container has-none-background-color omt-container__wrapper--none wp-block-omt-container\" id=\"block_906ae6565da954318d953de2aeb05105\">\n\t<div class=\"omt-container__wrapper omt-container__wrapper--normal omt-container__wrapper--offset-\">\n\t\t<div class=\"acf-innerblocks-container\">\n\n<div\n\tstyle=\"padding-top:var(--wp--preset--spacing--space-90);padding-bottom:var(--wp--preset--spacing--space-90);\" class=\"omt-left-right-image-content wp-block-omt-left-right-image-content\"\t>\n\t\t\t<div class=\"omt-left-right-image-content__wrapper omt-left-right-image-content__right-img \">\n\t\t\t<div class=\"omt-left-right-image-content__details animation-element bounce-left-to-right\">\n\t\t\t\t\n\t\t\t\t\t\t\t\t\t<h4 class=\"omt-left-right-image-content__title has-h-4-font-size \">Environnement<\/h4>\n\t\t\t\t\t\t\t\t\t\t\t\t\t<div class=\"omt-left-right-image-content__txt\"><p>\u00c0 70 km des stations de ski des Pyr\u00e9n\u00e9es catalanes (Vallter, La Molina) et \u00e0 45 km des meilleures plages de la Costa Brava (Roses, Cadaqu\u00e9s, &#8230;)<\/p>\n<p>\u00c0 25 km de la zone volcanique d&rsquo;Olot ainsi qu&rsquo;\u00e0 quelques minutes des prestigieux terrains de golf (Torremirona, Peralada, &#8230;)<\/p>\n<p>\u00c0 25 km de Figueres et du mus\u00e9e Dal\u00ed, \u00e0 12 km du lac de Banyoles, lieu des championnats du monde de r\u00e9gates et des Jeux Olympiques, et \u00e0 30 km de la ville de G\u00e9rone.<\/p>\n<\/div>\n\t\t\t\t\t\t\t\t<div class=\"omt-left-right-image-content__buttons omt--multiple-button\">\n\t\t\t\t\t\t\t\t\t<\/div>\n\t\t\t<\/div>\n\t\t\t<div class=\"omt-left-right-image-content__image-block right-image-block animation-element bounce-up\">\n\t\t\t\t<img decoding=\"async\" width=\"1556\" height=\"1250\" src=\"https:\/\/www.casa-marcial.com\/wp-content\/uploads\/2024\/12\/mapa.jpg\" class=\"omt-left-right-image-content__image\" alt=\"\" loading=\"lazy\" srcset=\"https:\/\/www.casa-marcial.com\/wp-content\/uploads\/2024\/12\/mapa.jpg 1556w, https:\/\/www.casa-marcial.com\/wp-content\/uploads\/2024\/12\/mapa-300x241.jpg 300w, https:\/\/www.casa-marcial.com\/wp-content\/uploads\/2024\/12\/mapa-1024x823.jpg 1024w, https:\/\/www.casa-marcial.com\/wp-content\/uploads\/2024\/12\/mapa-768x617.jpg 768w, https:\/\/www.casa-marcial.com\/wp-content\/uploads\/2024\/12\/mapa-1536x1234.jpg 1536w, https:\/\/www.casa-marcial.com\/wp-content\/uploads\/2024\/12\/mapa-480x386.jpg 480w\" sizes=\"auto, (max-width: 1556px) 100vw, 1556px\" \/>\n\t\t\t<\/div>\n\t\t<\/div>\n\t<\/div>\n\n<\/div>\n\t<\/div>\n<\/div>\n\n\n\n<div\n\tstyle=\"margin-top:var(--wp--preset--spacing--space-90);margin-bottom:var(--wp--preset--spacing--space-50);\" class=\"omt-video-banner wp-block-omt-video-banner\"\t>\n\t\t\t\t<div class=\"container-full-width\">\n\t\t\t<div class=\"omt-video-banner__wrapper\" style=\"background-image: url(https:\/\/www.casa-marcial.com\/wp-content\/uploads\/2024\/12\/6159972204_25440a293a_b-1.jpg)\">\n\t\t\t\t<div class=\"omt-video-banner__desc animation-element bounce-up\">\n\t\t\t\t\t\t\t\t\t\t\t<h2 class=\"omt-video-banner__title\">Costa Brava<\/h2>\n\t\t\t\t\t\t\t\t\t\t\t\t\t\t\t\t<div class=\"omt-video-banner__txt\">45 km des plages de la Costa Brava. Roses, Cadaqu\u00e9s&#8230;<\/div>\n\t\t\t\t\t\t\t\t\t\t<span class=\"omt-video-banner__button\">\n\t\t\t\t\t\t<svg version=\"1.1\" xmlns=\"http:\/\/www.w3.org\/2000\/svg\" xmlns:xlink=\"http:\/\/www.w3.org\/1999\/xlink\" width=\"600px\" height=\"800px\" x=\"0px\" y=\"0px\" viewBox=\"0 0 600 800\" enable-background=\"new 0 0 600 800\" xml:space=\"preserve\">\n\t\t\t\t\t\t\t<path fill=\"none\" d=\"M0-1.79v800L600,395L0-1.79z\"><\/path>\n\t\t\t\t\t\t<\/svg>\n\t\t\t\t\t<\/span>\n\t\t\t\t<\/div>\n\t\t\t\t<div class=\"omt-video-banner__popup\">\n\t\t\t\t\t<div class=\"omt-video-banner__popup-wrapper\">\n\t\t\t\t\t\t<iframe src=\"https:\/\/player.vimeo.com\/video\/25627291\" class=\"omt-video-banner__popup-video\" frameborder=\"0\" allow=\"autoplay; fullscreen; picture-in-picture\" allowfullscreen><\/iframe>\t\t\t\t\t\t<svg width=\"22\" class=\"omt-video-banner__popup-close\" height=\"22\" viewBox=\"0 0 22 22\" fill=\"none\" xmlns=\"http:\/\/www.w3.org\/2000\/svg\">\n\t\t\t\t\t\t\t<path id=\"Vector\" d=\"M19.5716 2.42847L2.42871 19.5713M2.42871 2.42847L19.5716 19.5713\" stroke=\"white\" stroke-width=\"3\" stroke-linecap=\"round\" stroke-linejoin=\"round\" \/>\n\t\t\t\t\t\t<\/svg>\n\t\t\t\t\t<\/div>\n\t\t\t\t<\/div>\n\t\t\t<\/div>\n\t\t\t<div class=\"omt-buttons  omt-video-banner__bottom-button omt-multi-hero__cta text-center\"><a class=\"omt-button  omt-button--transparent-red\" href=\"https:\/\/direct-book.com\/properties\/hotelcasamarcial?locale=en&#038;items%5B0%5D%5Badults%5D=2&#038;items%5B0%5D%5Bchildren%5D=0&#038;items%5B0%5D%5Binfants%5D=0&#038;currency=EUR&#038;checkInDate=2026-01-19&#038;checkOutDate=2026-01-20&#038;trackPage=yes\"  target=\"_blank\">R\u00e9servez une chambre au meilleur prix<\/a><\/div>\t\t<\/div>\n\t<\/div>\n","protected":false},"excerpt":{"rendered":"","protected":false},"author":2,"featured_media":0,"parent":0,"menu_order":0,"comment_status":"closed","ping_status":"closed","template":"","meta":{"_acf_changed":false,"footnotes":""},"class_list":["post-2585","page","type-page","status-publish","hentry"],"acf":[],"_links":{"self":[{"href":"https:\/\/www.casa-marcial.com\/fr\/wp-json\/wp\/v2\/pages\/2585","targetHints":{"allow":["GET"]}}],"collection":[{"href":"https:\/\/www.casa-marcial.com\/fr\/wp-json\/wp\/v2\/pages"}],"about":[{"href":"https:\/\/www.casa-marcial.com\/fr\/wp-json\/wp\/v2\/types\/page"}],"author":[{"embeddable":true,"href":"https:\/\/www.casa-marcial.com\/fr\/wp-json\/wp\/v2\/users\/2"}],"replies":[{"embeddable":true,"href":"https:\/\/www.casa-marcial.com\/fr\/wp-json\/wp\/v2\/comments?post=2585"}],"version-history":[{"count":3,"href":"https:\/\/www.casa-marcial.com\/fr\/wp-json\/wp\/v2\/pages\/2585\/revisions"}],"predecessor-version":[{"id":2796,"href":"https:\/\/www.casa-marcial.com\/fr\/wp-json\/wp\/v2\/pages\/2585\/revisions\/2796"}],"wp:attachment":[{"href":"https:\/\/www.casa-marcial.com\/fr\/wp-json\/wp\/v2\/media?parent=2585"}],"curies":[{"name":"wp","href":"https:\/\/api.w.org\/{rel}","templated":true}]}}