{"id":2582,"date":"2025-01-03T12:13:52","date_gmt":"2025-01-03T12:13:52","guid":{"rendered":"https:\/\/cmarcial.wp.omitsisdev.com\/legal-notice\/"},"modified":"2025-01-20T06:56:49","modified_gmt":"2025-01-20T06:56:49","slug":"mentions-legales","status":"publish","type":"page","link":"https:\/\/www.casa-marcial.com\/fr\/mentions-legales\/","title":{"rendered":"Mentions l\u00e9gales"},"content":{"rendered":"<div\nstyle=\"padding-top:var(--wp--preset--spacing--space-70);padding-bottom:var(--wp--preset--spacing--space-40);\" class=\"omt-container has-none-background-color omt-container__wrapper--none wp-block-omt-container\" id=\"block_1372b83f9e54f3e835bcde52b3beb262\">\n\t<div class=\"omt-container__wrapper omt-container__wrapper--normal omt-container__wrapper--offset-\">\n\t\t<div class=\"acf-innerblocks-container\">\n\n<h1 class=\"wp-block-heading has-h-3-font-size\">MENTIONS L\u00c9GALES<\/h1>\n\n\n\n<p><br><br>In order to comply with Article 10 of Law 34\/2002 on Information Society Services and Electronic Commerce, we inform users of our details:<\/p>\n\n\n\n<p><strong><text x=\"-9999\" y=\"-9999\"><\/text><path d=\"M37.5324 16.8707C37.9808 15.5241 38.1363 14.0974 37.9886 12.6859C37.8409 11.2744 37.3934 9.91076 36.676 8.68622C35.6126 6.83404 33.9882 5.3676 32.0373 4.4985C30.0864 3.62941 27.9098 3.40259 25.8215 3.85078C24.8796 2.7893 23.7219 1.94125 22.4257 1.36341C21.1295 0.785575 19.7249 0.491269 18.3058 0.500197C16.1708 0.495044 14.0893 1.16803 12.3614 2.42214C10.6335 3.67624 9.34853 5.44666 8.6917 7.47815C7.30085 7.76286 5.98686 8.3414 4.8377 9.17505C3.68854 10.0087 2.73073 11.0782 2.02839 12.312C0.956464 14.1591 0.498905 16.2988 0.721698 18.4228C0.944492 20.5467 1.83612 22.5449 3.268 24.1293C2.81966 25.4759 2.66413 26.9026 2.81182 28.3141C2.95951 29.7256 3.40701 31.0892 4.12437 32.3138C5.18791 34.1659 6.8123 35.6322 8.76321 36.5013C10.7141 37.3704 12.8907 37.5973 14.9789 37.1492C15.9208 38.2107 17.0786 39.0587 18.3747 39.6366C19.6709 40.2144 21.0755 40.5087 22.4946 40.4998C24.6307 40.5054 26.7133 39.8321 28.4418 38.5772C30.1704 37.3223 31.4556 35.5506 32.1119 33.5179C33.5027 33.2332 34.8167 32.6547 35.9659 31.821C37.115 30.9874 38.0728 29.9178 38.7752 28.684C39.8458 26.8371 40.3023 24.6979 40.0789 22.5748C39.8556 20.4517 38.9639 18.4544 37.5324 16.8707ZM22.4978 37.8849C20.7443 37.8874 19.0459 37.2733 17.6994 36.1501C17.7601 36.117 17.8666 36.0586 17.936 36.0161L25.9004 31.4156C26.1003 31.3019 26.2663 31.137 26.3813 30.9378C26.4964 30.7386 26.5563 30.5124 26.5549 30.2825V19.0542L29.9213 20.998C29.9389 21.0068 29.9541 21.0198 29.9656 21.0359C29.977 21.052 29.9842 21.0707 29.9867 21.0902V30.3889C29.9842 32.375 29.1946 34.2791 27.7909 35.6841C26.3872 37.0892 24.4838 37.8806 22.4978 37.8849ZM6.39227 31.0064C5.51397 29.4888 5.19742 27.7107 5.49804 25.9832C5.55718 26.0187 5.66048 26.0818 5.73461 26.1244L13.699 30.7248C13.8975 30.8408 14.1233 30.902 14.3532 30.902C14.583 30.902 14.8088 30.8408 15.0073 30.7248L24.731 25.1103V28.9979C24.7321 29.0177 24.7283 29.0376 24.7199 29.0556C24.7115 29.0736 24.6988 29.0893 24.6829 29.1012L16.6317 33.7497C14.9096 34.7416 12.8643 35.0097 10.9447 34.4954C9.02506 33.9811 7.38785 32.7263 6.39227 31.0064ZM4.29707 13.6194C5.17156 12.0998 6.55279 10.9364 8.19885 10.3327C8.19885 10.4013 8.19491 10.5228 8.19491 10.6071V19.808C8.19351 20.0378 8.25334 20.2638 8.36823 20.4629C8.48312 20.6619 8.64893 20.8267 8.84863 20.9404L18.5723 26.5542L15.206 28.4979C15.1894 28.5089 15.1703 28.5155 15.1505 28.5173C15.1307 28.5191 15.1107 28.516 15.0924 28.5082L7.04046 23.8557C5.32135 22.8601 4.06716 21.2235 3.55289 19.3046C3.03862 17.3858 3.30624 15.3413 4.29707 13.6194ZM31.955 20.0556L22.2312 14.4411L25.5976 12.4981C25.6142 12.4872 25.6333 12.4805 25.6531 12.4787C25.6729 12.4769 25.6928 12.4801 25.7111 12.4879L33.7631 17.1364C34.9967 17.849 36.0017 18.8982 36.6606 20.1613C37.3194 21.4244 37.6047 22.849 37.4832 24.2684C37.3617 25.6878 36.8382 27.0432 35.9743 28.1759C35.1103 29.3086 33.9415 30.1717 32.6047 30.6641C32.6047 30.5947 32.6047 30.4733 32.6047 30.3889V21.188C32.6066 20.9586 32.5474 20.7328 32.4332 20.5338C32.319 20.3348 32.154 20.1698 31.955 20.0556ZM35.3055 15.0128C35.2464 14.9765 35.1431 14.9142 35.069 14.8717L27.1045 10.2712C26.906 10.1554 26.6803 10.0943 26.4504 10.0943C26.2206 10.0943 25.9948 10.1554 25.7963 10.2712L16.0726 15.8858V11.9982C16.0715 11.9783 16.0753 11.9585 16.0837 11.9405C16.0921 11.9225 16.1048 11.9068 16.1207 11.8949L24.1719 7.25025C25.4053 6.53903 26.8158 6.19376 28.2383 6.25482C29.6608 6.31589 31.0364 6.78077 32.2044 7.59508C33.3723 8.40939 34.2842 9.53945 34.8334 10.8531C35.3826 12.1667 35.5464 13.6095 35.3055 15.0128ZM14.2424 21.9419L10.8752 19.9981C10.8576 19.9893 10.8423 19.9763 10.8309 19.9602C10.8195 19.9441 10.8122 19.9254 10.8098 19.9058V10.6071C10.8107 9.18295 11.2173 7.78848 11.9819 6.58696C12.7466 5.38544 13.8377 4.42659 15.1275 3.82264C16.4173 3.21869 17.8524 2.99464 19.2649 3.1767C20.6775 3.35876 22.0089 3.93941 23.1034 4.85067C23.0427 4.88379 22.937 4.94215 22.8668 4.98473L14.9024 9.58517C14.7025 9.69878 14.5366 9.86356 14.4215 10.0626C14.3065 10.2616 14.2466 10.4877 14.2479 10.7175L14.2424 21.9419ZM16.071 17.9991L20.4018 15.4978L24.7325 17.9975V22.9985L20.4018 25.4983L16.071 22.9985V17.9991Z\" fill=\"currentColor\"><\/path>Company Name:<\/strong>&nbsp;SUARA INSERCIO EMPRESA D\u2019INSERCIO, SOCIEDAD LIMITADA (Sole Proprietorship)<\/p>\n\n\n\n<p><strong>Registered Address:<\/strong>&nbsp;C. Sancho de \u00c1vila, 52-58, 1st floor, Barcelona (08026)<\/p>\n\n\n\n<p><strong>CIF:<\/strong>&nbsp;<em>B65463713<\/em><\/p>\n\n\n\n<p><strong>E-Mail:<\/strong>&nbsp;<a href=\"mailto:info@casa-marcial.com\">info@casa-marcial.com<\/a><\/p>\n\n\n\n<p><strong>Registration in the Commercial Register:<\/strong>&nbsp;Registered in the Barcelona Commercial Register, Volume 42,404, Page 150, Sheet number B-407.093, Entry 1.<\/p>\n\n\n\n<p><strong>Website:<\/strong>\u00a0<a href=\"https:\/\/www.casa-marcial.com\/?lang=fr\">https:\/\/www.casa-marcial.com\/<\/a><\/p>\n\n\n\n<ol class=\"wp-block-list\">\n<li><strong>OBJET<\/strong><\/li>\n<\/ol>\n\n\n\n<p><strong>Casa Marcial<\/strong> en tant que responsable et propri\u00e9taire du site web (ci-apr\u00e8s \u00e9galement d\u00e9nomm\u00e9 \u00ab\u00a0le propri\u00e9taire\u00a0\u00bb), fournit ce document aux utilisateurs, qui r\u00e9git l&rsquo;utilisation du site web <a href=\"https:\/\/www.casa-marcial.com\/?lang=fr\">https:\/\/www.casa-marcial.com\/<\/a>, afin de se conformer aux obligations \u00e9tablies par la Loi 34\/2002, sur les Services de la Soci\u00e9t\u00e9 de l&rsquo;Information et le Commerce \u00c9lectronique (LSSICE ou LSSI), ainsi que d&rsquo;informer tous les utilisateurs du site web des conditions d&rsquo;utilisation de celui-ci.<\/p>\n\n\n\n<p>Toute personne acc\u00e9dant \u00e0 ce site web assume le r\u00f4le d&rsquo;utilisateur (ci-apr\u00e8s \u00ab\u00a0l&rsquo;utilisateur\u00a0\u00bb), ce qui implique l&rsquo;acceptation pleine et inconditionnelle de toutes les dispositions incluses dans cet avis juridique, ainsi que de toutes les autres dispositions l\u00e9gales applicables.<\/p>\n\n\n\n<p>En tant qu&rsquo;utilisateur, vous devez lire attentivement cet Avis L\u00e9gal chaque fois que vous entrez sur le site web, car il peut \u00eatre modifi\u00e9. Le propri\u00e9taire se r\u00e9serve le droit de modifier toute information pouvant appara\u00eetre sur le site web, sans obligation d&rsquo;informer ou de donner un pr\u00e9avis aux utilisateurs de ces modifications, la publication sur le site web du propri\u00e9taire \u00e9tant suffisante.<\/p>\n\n\n\n<ol start=\"2\" class=\"wp-block-list\">\n<li><strong>CONDITIONS D&rsquo;ACC\u00c8S ET D&rsquo;UTILISATION DU SITE WEB<\/strong><\/li>\n<\/ol>\n\n\n\n<p><strong>2.1. Nature gratuite de l&rsquo;acc\u00e8s et de l&rsquo;utilisation du site web<\/strong><\/p>\n\n\n\n<p>L&rsquo;acc\u00e8s fourni par Casa Marcial \u00e0 son site web est gratuit pour tous les utilisateurs. Cependant, certains services offerts par le propri\u00e9taire via le site web peuvent \u00eatre soumis \u00e0 un tarif sp\u00e9cifique conform\u00e9ment aux termes et conditions g\u00e9n\u00e9rales du contrat.<\/p>\n\n\n\n<p><strong>2.2. Exactitude des informations<\/strong><\/p>\n\n\n\n<p>Casa Marcial s&rsquo;efforce de garantir l&rsquo;exactitude et la mise \u00e0 jour des informations sur son site web, mais elle ne saurait \u00eatre tenue responsable des cons\u00e9quences d\u00e9coulant de leur lecture. De plus, Casa Marcial n&rsquo;est pas responsable des dommages ou pr\u00e9judices subis par l&rsquo;utilisateur en raison de l&rsquo;acc\u00e8s ou de l&rsquo;utilisation de son site web ou de son contenu.<\/p>\n\n\n\n<p><strong>2.4. Obligation de faire un usage appropri\u00e9 du site web<\/strong><\/p>\n\n\n\n<p>L&rsquo;utilisateur s&rsquo;engage \u00e0 utiliser le site web conform\u00e9ment \u00e0 la l\u00e9gislation et \u00e0 cet Avis juridique, ainsi qu&rsquo;aux bonnes m\u0153urs, coutumes et \u00e0 l&rsquo;ordre public. \u00c0 cette fin, l&rsquo;utilisateur s&rsquo;abstiendra d&rsquo;utiliser le site web \u00e0 des fins ill\u00e9gales ou interdites, nuisibles aux droits et int\u00e9r\u00eats des tiers, ou susceptibles de nuire, de d\u00e9sactiver, de surcharger, de d\u00e9t\u00e9riorer ou d&#8217;emp\u00eacher l&rsquo;utilisation normale des \u00e9quipements informatiques ou des documents, fichiers et tout type de contenu stock\u00e9 sur les \u00e9quipements informatiques du propri\u00e9taire.<\/p>\n\n\n\n<p>En particulier, et \u00e0 titre d&rsquo;exemple mais sans s&rsquo;y limiter, l&rsquo;utilisateur s&rsquo;engage \u00e0 ne pas transmettre, diffuser ou mettre \u00e0 la disposition de tiers des informations, donn\u00e9es, contenus, messages, graphiques, dessins, fichiers sonores ou visuels, photographies, enregistrements, logiciels et, de mani\u00e8re g\u00e9n\u00e9rale, tout type de mat\u00e9riel qui :<\/p>\n\n\n\n<p>(a) est contraire, m\u00e9prise ou porte atteinte aux droits fondamentaux et libert\u00e9s publiques reconnus constitutionnellement, dans les trait\u00e9s internationaux, et autres r\u00e9glementations applicables ;<\/p>\n\n\n\n<p>(b) induit, incite ou promeut des actes criminels, d\u00e9gradants, diffamatoires, violents ou, de mani\u00e8re g\u00e9n\u00e9rale, des actes contraires \u00e0 la loi, \u00e0 la morale et \u00e0 l&rsquo;ordre public ;<\/p>\n\n\n\n<p>(c) induit, incite ou promeut des actions, attitudes ou pens\u00e9es discriminatoires fond\u00e9es sur le sexe, la race, la religion, les croyances, l&rsquo;\u00e2ge ou la condition ;<\/p>\n\n\n\n<p>(d) est contraire au droit \u00e0 l&rsquo;honneur, \u00e0 la vie priv\u00e9e ou \u00e0 l&rsquo;image personnelle ou familiale ;<\/p>\n\n\n\n<p>(e) porte atteinte, de quelque mani\u00e8re que ce soit, \u00e0 la cr\u00e9dibilit\u00e9 du propri\u00e9taire ou des tiers ;<\/p>\n\n\n\n<p>(f) constitue une publicit\u00e9 ill\u00e9gale, trompeuse ou d\u00e9loyale.<\/p>\n\n\n\n<ol start=\"3\" class=\"wp-block-list\">\n<li><strong>EXCLUSION DES GARANTIES ET DE LA RESPONSABILIT\u00c9<\/strong><\/li>\n<\/ol>\n\n\n\n<p>Le propri\u00e9taire d\u00e9cline toute responsabilit\u00e9 concernant les informations publi\u00e9es sur notre site Web, \u00e0 condition que ces informations aient \u00e9t\u00e9 manipul\u00e9es ou introduites par un tiers.<\/p>\n\n\n\n<p>Le site Web a \u00e9t\u00e9 r\u00e9vis\u00e9 et test\u00e9 pour s&rsquo;assurer de son bon fonctionnement. En principe, il peut \u00eatre garanti qu&rsquo;il fonctionne correctement 365 jours par an, 24 heures sur 24. Cependant, le propri\u00e9taire ne rejette pas la possibilit\u00e9 de certains erreurs de programmation ou d&rsquo;\u00e9v\u00e9nements de force majeure, catastrophes naturelles, gr\u00e8ves ou circonstances similaires qui pourraient rendre l&rsquo;acc\u00e8s au site Web impossible.<\/p>\n\n\n\n<p>Casa Marcial ne fournit aucune garantie et n&rsquo;est pas responsable, en aucun cas, des dommages de toute nature pouvant r\u00e9sulter de l&rsquo;indisponibilit\u00e9, du maintien, du bon fonctionnement effectif du site Web ou de ses services et contenus ; de l&rsquo;existence de virus, de programmes malveillants ou nuisibles dans les contenus ; de l&rsquo;utilisation ill\u00e9gale, n\u00e9gligente, frauduleuse ou contraire \u00e0 cette notice l\u00e9gale et aux conditions d&rsquo;utilisation ; ou du manque de l\u00e9galit\u00e9, qualit\u00e9, fiabilit\u00e9, utilit\u00e9 et disponibilit\u00e9 des services fournis par des tiers et d&rsquo;autres services disponibles pour les utilisateurs sur le site Web.<\/p>\n\n\n\n<p>Le propri\u00e9taire n&rsquo;est en aucun cas responsable des dommages pouvant r\u00e9sulter de l&rsquo;utilisation ill\u00e9gale ou inappropri\u00e9e du site Web.<\/p>\n\n\n\n<ol start=\"4\" class=\"wp-block-list\">\n<li><strong>COOKIES<\/strong><\/li>\n<\/ol>\n\n\n\n<p>El sitio web utiliza cookies temporales, esenciales para el correcto funcionamiento y visualizaci\u00f3n del sitio, facilitando la navegaci\u00f3n del usuario. Estas cookies no recogen informaci\u00f3n personal y su duraci\u00f3n est\u00e1 limitada a la sesi\u00f3n del usuario, expirando al final de la misma.<\/p>\n\n\n\n<p>Para obtener informaci\u00f3n m\u00e1s detallada sobre los tipos de cookies utilizadas, su gesti\u00f3n y c\u00f3mo retirar el consentimiento, por favor consulte nuestra [Pol\u00edtica de Cookies]. Garantizamos que el consentimiento para las cookies no esenciales se solicita expl\u00edcitamente, respetando su privacidad y derecho a configurar estas herramientas.<\/p>\n\n\n\n<ol start=\"5\" class=\"wp-block-list\">\n<li><strong>ENLACES<\/strong><\/li>\n<\/ol>\n\n\n\n<p>Il est possible d\u2019\u00eatre redirig\u00e9 depuis le site vers du contenu sponsoris\u00e9, des publicit\u00e9s, des liens affili\u00e9s et\/ou des sites web tiers. Parmi les liens fournis, il est possible de trouver des informations ou des r\u00e9f\u00e9rences \u00e0 des produits et\/ou services de tiers. \u00c9tant donn\u00e9 que nous ne pouvons pas contr\u00f4ler le contenu introduit par des tiers, Casa Marcial d\u00e9cline toute responsabilit\u00e9 quant \u00e0 ce contenu. Ces liens ou r\u00e9f\u00e9rences sont fournis uniquement \u00e0 titre informatif et n&rsquo;impliquent en aucun cas une approbation, un soutien, une commercialisation, ou toute relation entre Casa Marcial et les auteurs ou responsables de ces contenus, ou les propri\u00e9taires des sites li\u00e9s.<\/p>\n\n\n\n<p>Casa Marcial maintiendra ces liens publi\u00e9s jusqu\u2019\u00e0 ce qu\u2019ils soient supprim\u00e9s ou suspendus par le propri\u00e9taire ou l\u2019annonceur, et ne pourra \u00eatre tenu responsable m\u00eame si ces annonces sont index\u00e9es par des moteurs de recherche autres que ce site web.<\/p>\n\n\n\n<p>Le propri\u00e9taire n\u2019est pas responsable des informations et contenus stock\u00e9s, y compris mais sans s&rsquo;y limiter, les forums, chats, g\u00e9n\u00e9rateurs de blogs, commentaires, r\u00e9seaux sociaux, ou tout autre moyen permettant \u00e0 des tiers de publier ind\u00e9pendamment du contenu sur le site du propri\u00e9taire. Toutefois, et conform\u00e9ment aux articles 11 et 16 de la LSSICE, le propri\u00e9taire se met \u00e0 la disposition de tous les utilisateurs, autorit\u00e9s et forces de l&rsquo;ordre, collaborant activement \u00e0 la suppression ou, lorsque cela est n\u00e9cessaire, au blocage de tout contenu susceptible d\u2019affecter ou de contrevenir \u00e0 la l\u00e9gislation nationale ou internationale, aux droits des tiers, ou \u00e0 la moralit\u00e9 et \u00e0 l&rsquo;ordre public. Si l&rsquo;utilisateur pense qu&rsquo;un contenu pourrait relever de cette cat\u00e9gorie, il lui est demand\u00e9 de le signaler imm\u00e9diatement \u00e0 l&rsquo;administrateur du site.<\/p>\n\n\n\n<p>Cependant, Casa Marcial vous informe que toute relation contractuelle ou extracontractuelle que l&rsquo;utilisateur \u00e9tablira avec ces tiers, affili\u00e9s ou annonceurs via les liens fournis par ce site sera valable uniquement et exclusivement entre l&rsquo;utilisateur et l&rsquo;annonceur et\/ou le tiers, et Casa Marcial ne pourra \u00eatre tenue responsable des dommages ou pr\u00e9judices qui pourraient r\u00e9sulter de la fourniture de services et\/ou des relations contractuelles ou extracontractuelles \u00e9tablies entre l&rsquo;utilisateur et les annonceurs ou tiers contact\u00e9s via ce portail, le propri\u00e9taire agissant uniquement en tant qu\u2019interm\u00e9diaire ou support publicitaire.<\/p>\n\n\n\n<ol start=\"6\" class=\"wp-block-list\">\n<li><strong>PROTECTION DES DONN\u00c9ES PERSONNELLES<\/strong><\/li>\n<\/ol>\n\n\n\n<p>Le propri\u00e9taire s&rsquo;engage pleinement \u00e0 respecter les r\u00e9glementations sur la protection des donn\u00e9es personnelles et garantit une conformit\u00e9 totale aux obligations d\u00e9finies, ainsi qu&rsquo;\u00e0 la mise en place de mesures de s\u00e9curit\u00e9 conform\u00e9ment au R\u00e8glement G\u00e9n\u00e9ral sur la Protection des Donn\u00e9es (RGPD) et aux lois espagnoles sur la protection des donn\u00e9es. Pour plus d&rsquo;informations, veuillez consulter notre Politique de Confidentialit\u00e9.<\/p>\n\n\n\n<ol start=\"7\" class=\"wp-block-list\">\n<li><strong>PROPRI\u00c9T\u00c9 INTELLECTUELLE ET INDUSTRIELLE<\/strong><\/li>\n<\/ol>\n\n\n\n<p>Le site web, y compris mais sans s&rsquo;y limiter la programmation, l&rsquo;\u00e9dition, la compilation et les autres \u00e9l\u00e9ments n\u00e9cessaires \u00e0 son fonctionnement, ainsi que les conceptions, logos, textes, photographies et\/ou graphiques, sont la propri\u00e9t\u00e9 du propri\u00e9taire ou, le cas \u00e9ch\u00e9ant, le propri\u00e9taire a obtenu la licence ou l&rsquo;autorisation expresse des auteurs. Tout le contenu du site web est d\u00fbment prot\u00e9g\u00e9 par la r\u00e9glementation en mati\u00e8re de propri\u00e9t\u00e9 intellectuelle et industrielle.<\/p>\n\n\n\n<p>Ind\u00e9pendamment de l&rsquo;usage auquel ils sont destin\u00e9s, la reproduction totale ou partielle, l&rsquo;utilisation, la distribution et la communication publique n\u00e9cessitent une autorisation \u00e9crite pr\u00e9alable du propri\u00e9taire. Toute utilisation non autoris\u00e9e pr\u00e9alablement par le propri\u00e9taire sera consid\u00e9r\u00e9e comme une violation grave des droits de propri\u00e9t\u00e9 intellectuelle ou industrielle de l&rsquo;auteur.<\/p>\n\n\n\n<p>Les conceptions, logos, textes et\/ou graphiques appartenant \u00e0 des tiers et pouvant appara\u00eetre sur le site web sont la propri\u00e9t\u00e9 de leurs d\u00e9tenteurs respectifs, qui sont responsables de tout litige pouvant survenir \u00e0 leur sujet. En tout \u00e9tat de cause, le propri\u00e9taire a obtenu une autorisation pr\u00e9alable et expresse de leur part.<\/p>\n\n\n\n<p>Le propri\u00e9taire reconna\u00eet les droits de propri\u00e9t\u00e9 industrielle et intellectuelle correspondants de leurs d\u00e9tenteurs, et la mention ou l&rsquo;apparition sur le site web ne suppose pas l&rsquo;existence de droits ou de responsabilit\u00e9 du propri\u00e9taire \u00e0 leur \u00e9gard, ni d&rsquo;adh\u00e9sion, de parrainage ou de recommandation de la part du propri\u00e9taire.<\/p>\n\n\n\n<p>Pour toute observation concernant d&rsquo;\u00e9ventuelles violations des droits de propri\u00e9t\u00e9 intellectuelle ou industrielle, ainsi que de tout autre contenu sur le site web, vous pouvez le faire via l&rsquo;adresse email indiqu\u00e9e ci-dessus.<\/p>\n\n\n\n<ol start=\"8\" class=\"wp-block-list\">\n<li><strong>LOI APPLICABLE ET JURIDICTION<\/strong><\/li>\n<\/ol>\n\n\n\n<p>Pour la r\u00e9solution de tout litige ou probl\u00e8me li\u00e9 \u00e0 ce site web ou aux activit\u00e9s men\u00e9es sur celui-ci, la l\u00e9gislation espagnole sera applicable. Les parties se soumettent express\u00e9ment \u00e0 la juridiction des tribunaux de G\u00e9rone, qui auront comp\u00e9tence exclusive pour r\u00e9soudre tout conflit d\u00e9coulant ou li\u00e9 \u00e0 l&rsquo;utilisation du site web.<\/p>\n\n<\/div>\n\t<\/div>\n<\/div>\n","protected":false},"excerpt":{"rendered":"","protected":false},"author":2,"featured_media":0,"parent":0,"menu_order":0,"comment_status":"closed","ping_status":"closed","template":"","meta":{"_acf_changed":false,"footnotes":""},"class_list":["post-2582","page","type-page","status-publish","hentry"],"acf":[],"_links":{"self":[{"href":"https:\/\/www.casa-marcial.com\/fr\/wp-json\/wp\/v2\/pages\/2582","targetHints":{"allow":["GET"]}}],"collection":[{"href":"https:\/\/www.casa-marcial.com\/fr\/wp-json\/wp\/v2\/pages"}],"about":[{"href":"https:\/\/www.casa-marcial.com\/fr\/wp-json\/wp\/v2\/types\/page"}],"author":[{"embeddable":true,"href":"https:\/\/www.casa-marcial.com\/fr\/wp-json\/wp\/v2\/users\/2"}],"replies":[{"embeddable":true,"href":"https:\/\/www.casa-marcial.com\/fr\/wp-json\/wp\/v2\/comments?post=2582"}],"version-history":[{"count":2,"href":"https:\/\/www.casa-marcial.com\/fr\/wp-json\/wp\/v2\/pages\/2582\/revisions"}],"predecessor-version":[{"id":2625,"href":"https:\/\/www.casa-marcial.com\/fr\/wp-json\/wp\/v2\/pages\/2582\/revisions\/2625"}],"wp:attachment":[{"href":"https:\/\/www.casa-marcial.com\/fr\/wp-json\/wp\/v2\/media?parent=2582"}],"curies":[{"name":"wp","href":"https:\/\/api.w.org\/{rel}","templated":true}]}}