{"id":2579,"date":"2024-08-01T06:39:28","date_gmt":"2024-08-01T06:39:28","guid":{"rendered":"https:\/\/cmarcial.wp.omitsisdev.com\/privacy-policy\/"},"modified":"2025-01-17T12:12:48","modified_gmt":"2025-01-17T12:12:48","slug":"politique-de-confidentialite","status":"publish","type":"page","link":"https:\/\/www.casa-marcial.com\/fr\/politique-de-confidentialite\/","title":{"rendered":"Politique de confidentialit\u00e9"},"content":{"rendered":"<div\nstyle=\"padding-top:var(--wp--preset--spacing--space-70);padding-bottom:var(--wp--preset--spacing--space-40);\" class=\"omt-container has-none-background-color omt-container__wrapper--none wp-block-omt-container\" id=\"block_0c202f951a53df4367081020624223ed\">\n\t<div class=\"omt-container__wrapper omt-container__wrapper--normal omt-container__wrapper--offset-\">\n\t\t<div class=\"acf-innerblocks-container\">\n\n<h1 class=\"wp-block-heading has-h-3-font-size\">POLITIQUE DE CONFIDENTIALIT\u00c9<\/h1>\n\n\n\n<figure class=\"wp-block-table\"><table class=\"has-fixed-layout\"><tbody><tr><td colspan=\"2\">Informations de base sur la protection des donn\u00e9es<\/td><\/tr><tr><td>Responsable<\/td><td>Suara Inserci\u00f3, EI, SLU<br>Responsable de la protection des donn\u00e9es : <a>dpo@suara.coop<\/a><\/td><\/tr><tr><td>Finalit\u00e9<\/td><td>R\u00e9pondre aux demandes de contact ou d&rsquo;information.<br>G\u00e9rer les processus de r\u00e9servation et d&rsquo;achat.<\/td><\/tr><tr><td>L\u00e9gitimation<\/td><td>Consentement de la personne concern\u00e9e<\/td><\/tr><tr><td>Destinataires<\/td><td>Suara et les entreprises du groupe<\/td><\/tr><tr><td>Droits<\/td><td>Acc\u00e8s, Rectification, Suppression, Opposition, Limitation d&rsquo;Utilisation et Portabilit\u00e9<\/td><\/tr><tr><td>Dur\u00e9e de conservation<\/td><td>Les donn\u00e9es seront conserv\u00e9es pendant le temps n\u00e9cessaire pour r\u00e9pondre \u00e0 la demande et pour satisfaire aux finalit\u00e9s mentionn\u00e9es pr\u00e9c\u00e9demment.<\/td><\/tr><tr><td>Informations suppl\u00e9mentaires<\/td><td>Consultez les Informations suppl\u00e9mentaires et d\u00e9taill\u00e9es sur la protection des donn\u00e9es.<\/td><\/tr><\/tbody><\/table><\/figure>\n\n\n\n<p><strong>Informations suppl\u00e9mentaires<\/strong><\/p>\n\n\n\n<p>Cette \u00ab\u00a0Politique de confidentialit\u00e9\u00a0\u00bb r\u00e9git le traitement des donn\u00e9es personnelles fournies par l&rsquo;Utilisateur via le site web mis \u00e0 disposition des utilisateurs d&rsquo;Internet par Suara Inserci\u00f3, EI, SLU (ci-apr\u00e8s \u00ab\u00a0Suara\u00a0\u00bb). Cette politique fait partie int\u00e9grante de l&rsquo;Avis juridique, accessible \u00e0 tout moment depuis le site web.<\/p>\n\n\n\n<p>L&rsquo;Utilisateur garantit que les donn\u00e9es fournies sont v\u00e9ridiques, exactes, compl\u00e8tes et \u00e0 jour, et qu&rsquo;il est responsable de tout dommage direct ou indirect pouvant d\u00e9couler du non-respect de cette obligation. Si les donn\u00e9es fournies concernent un tiers, l&rsquo;Utilisateur garantit avoir inform\u00e9 ce tiers des aspects contenus dans ce document et avoir obtenu son autorisation pour fournir ses donn\u00e9es \u00e0 Suara pour les finalit\u00e9s \u00e9nonc\u00e9es.<\/p>\n\n\n\n<p>Le site web peut offrir des fonctionnalit\u00e9s permettant de partager du contenu via des applications tierces, telles que Facebook, Instagram ou Tripadvisor. Ces applications peuvent collecter et traiter des informations relatives \u00e0 la navigation de l&rsquo;utilisateur sur diff\u00e9rents sites web. Toute information personnelle collect\u00e9e via ces applications peut \u00eatre utilis\u00e9e par les utilisateurs tiers des applications, et leurs interactions sont soumises aux politiques de confidentialit\u00e9 des entreprises fournissant les applications.<\/p>\n\n\n\n<p>Le site web peut h\u00e9berger des blogs, des forums et d&rsquo;autres applications ou services de r\u00e9seaux sociaux pour faciliter l&rsquo;\u00e9change de connaissances et de contenu. Toute information personnelle fournie par l&rsquo;utilisateur peut \u00eatre partag\u00e9e avec d&rsquo;autres utilisateurs de ce service, sur lesquels Suara n&rsquo;a aucun contr\u00f4le.<\/p>\n\n\n\n<p>Afin de fournir une s\u00e9curit\u00e9 technique et des diagnostics syst\u00e8me, de mani\u00e8re anonymis\u00e9e ou agr\u00e9g\u00e9e, Suara peut enregistrer l&rsquo;adresse IP (num\u00e9ro d&rsquo;identification de l&rsquo;acc\u00e8s Internet de l&rsquo;appareil, permettant aux appareils, syst\u00e8mes et serveurs de se reconna\u00eetre et de communiquer entre eux). Ces informations peuvent \u00e9galement \u00eatre utilis\u00e9es \u00e0 des fins d&rsquo;analyse des performances du site web.<\/p>\n\n\n\n<p><strong>Qui est responsable du traitement des donn\u00e9es personnelles de l&rsquo;utilisateur ?<\/strong><br>Identit\u00e9 : Suara Inserci\u00f3, EI, SLU, est une entit\u00e9 enregistr\u00e9e au Registre du Commerce de Barcelone, Volume 42 404, Page 150, Feuille num\u00e9ro B-407 093, Inscription 1.<br>CIF : B65463713<br>Adresse : C. Sancho de \u00c1vila, 52-58, 1er de Barcelone (08026)<br>Responsable de la protection des donn\u00e9es : <a>dpo@suara.coop<\/a><\/p>\n\n\n\n<p><strong>Dans quel but traitons-nous les donn\u00e9es personnelles de l&rsquo;utilisateur ?<\/strong><br>Suara traite les informations fournies par l&rsquo;Utilisateur dans le but de r\u00e9pondre \u00e0 divers types de demandes effectu\u00e9es via le site web. En fonction de la nature de la demande, la finalit\u00e9 sera la suivante :<\/p>\n\n\n\n<p>\u2022 Formulaire \u00ab\u00a0Contact\u00a0\u00bb : R\u00e9pondre aux demandes de contact ou d&rsquo;information<br>\u2022 Formulaire \u00ab\u00a0R\u00e9servation Meilleur Prix\u00a0\u00bb : G\u00e9rer les processus de r\u00e9servation et d&rsquo;achat<\/p>\n\n\n\n<p>Si l&rsquo;Utilisateur s&rsquo;enregistre sur le site via une connexion sociale, Suara n&rsquo;acc\u00e9dera qu&rsquo;aux donn\u00e9es personnelles de l&rsquo;Utilisateur pour lesquelles il a donn\u00e9 son consentement lors de la configuration de l&rsquo;acc\u00e8s au r\u00e9seau social. Toute information fournie dans le cadre de ces applications sociales peut \u00eatre consult\u00e9e par les membres du r\u00e9seau social correspondant, et ces interactions seront r\u00e9gies par les politiques de confidentialit\u00e9 des fournisseurs de services. Suara n&rsquo;a aucun contr\u00f4le ni responsabilit\u00e9 sur ces entit\u00e9s ou sur la mani\u00e8re dont elles utilisent les informations de l&rsquo;utilisateur.<\/p>\n\n\n\n<p><strong>Pendant combien de temps conserverons-nous les donn\u00e9es personnelles de l&rsquo;Utilisateur ?<\/strong><\/p>\n\n\n\n<p>En r\u00e8gle g\u00e9n\u00e9rale, les donn\u00e9es personnelles fournies seront conserv\u00e9es pendant le temps n\u00e9cessaire pour r\u00e9pondre \u00e0 la demande de l&rsquo;Utilisateur, pour remplir les objectifs mentionn\u00e9s pr\u00e9c\u00e9demment, ou pendant les ann\u00e9es n\u00e9cessaires pour se conformer aux obligations l\u00e9gales, tant que la personne concern\u00e9e ne demande pas leur suppression.<\/p>\n\n\n\n<p><strong>Quelle est la base l\u00e9gale du traitement des donn\u00e9es personnelles de l&rsquo;Utilisateur ?<\/strong><\/p>\n\n\n\n<p>La base l\u00e9gale du traitement des donn\u00e9es est le consentement de l&rsquo;Utilisateur (Article 6.1.a du RGPD).<\/p>\n\n\n\n<p><strong>\u00c0 qui les donn\u00e9es personnelles de l&rsquo;Utilisateur seront-elles communiqu\u00e9es ?<\/strong><\/p>\n\n\n\n<p>En g\u00e9n\u00e9ral, l&rsquo;acc\u00e8s \u00e0 vos informations personnelles sera limit\u00e9 uniquement aux personnes au sein de l&rsquo;organisation qui en ont besoin pour g\u00e9rer votre demande ou \u00e0 celles auxquelles nous sommes l\u00e9galement tenus de les communiquer.<\/p>\n\n\n\n<p><strong>Comment Suara prot\u00e8ge-t-elle vos informations personnelles ?<\/strong><\/p>\n\n\n\n<p>Suara met en \u0153uvre des mesures de s\u00e9curit\u00e9 organisationnelles, techniques et physiques pour prot\u00e9ger vos donn\u00e9es afin de pr\u00e9venir les violations de s\u00e9curit\u00e9 et garantir la confidentialit\u00e9, l&rsquo;int\u00e9grit\u00e9 et la disponibilit\u00e9 de vos donn\u00e9es tout au long du traitement.<\/p>\n\n\n\n<p><strong>Quels sont vos droits lorsque vous nous fournissez vos donn\u00e9es personnelles ?<\/strong><\/p>\n\n\n\n<p>L&rsquo;Utilisateur a le droit d&rsquo;obtenir la confirmation que Suara traite des donn\u00e9es personnelles le concernant, ainsi que d&rsquo;acc\u00e9der \u00e0 ses donn\u00e9es personnelles, de demander la rectification de donn\u00e9es inexactes ou, le cas \u00e9ch\u00e9ant, de demander leur suppression lorsque, pour diverses raisons, les donn\u00e9es ne sont plus n\u00e9cessaires aux fins pour lesquelles elles ont \u00e9t\u00e9 collect\u00e9es.<\/p>\n\n\n\n<p>Dans certaines circonstances, l&rsquo;Utilisateur peut demander la restriction du traitement de ses donn\u00e9es, auquel cas les donn\u00e9es seront uniquement conserv\u00e9es pour l&rsquo;exercice ou la d\u00e9fense de r\u00e9clamations.<\/p>\n\n\n\n<p>Dans certaines circonstances et pour des raisons li\u00e9es \u00e0 sa situation particuli\u00e8re, l&rsquo;Utilisateur peut s&rsquo;opposer au traitement de ses donn\u00e9es. Suara cessera le traitement des donn\u00e9es, sauf en cas de raisons l\u00e9gitimes imp\u00e9rieuses ou pour l&rsquo;exercice ou la d\u00e9fense de r\u00e9clamations possibles.<\/p>\n\n\n\n<p>Enfin, l&rsquo;Utilisateur peut exercer son droit \u00e0 la Portabilit\u00e9 et, le cas \u00e9ch\u00e9ant, Suara proc\u00e9dera au traitement.<\/p>\n\n\n\n<p>L&rsquo;Utilisateur peut exercer ses droits comme d\u00e9crit l\u00e9galement en contactant le D\u00e9l\u00e9gu\u00e9 \u00e0 la protection des donn\u00e9es par courrier postal \u00e0 : Suara Serveis SCCL, C. Sancho de \u00c1vila, 52-58, 1r, Barcelone (08026), ou par email \u00e0 : <a>dpo@suara.coop<\/a>, en indiquant la demande correspondante.<\/p>\n\n\n\n<p>Si l&rsquo;Utilisateur le juge n\u00e9cessaire, il peut d\u00e9poser une plainte aupr\u00e8s de l&rsquo;Autorit\u00e9 de contr\u00f4le, en l&rsquo;occurrence, l&rsquo;Agence Espagnole de Protection des Donn\u00e9es (AEPD) \u00e0 : C\/Jorge Juan, 6 \u2013 28001 Madrid, ou via le bureau \u00e9lectronique : sedeagpd.gob.es.<\/p>\n\n<\/div>\n\t<\/div>\n<\/div>\n","protected":false},"excerpt":{"rendered":"","protected":false},"author":2,"featured_media":0,"parent":0,"menu_order":0,"comment_status":"closed","ping_status":"closed","template":"","meta":{"_acf_changed":false,"footnotes":""},"class_list":["post-2579","page","type-page","status-publish","hentry"],"acf":[],"_links":{"self":[{"href":"https:\/\/www.casa-marcial.com\/fr\/wp-json\/wp\/v2\/pages\/2579","targetHints":{"allow":["GET"]}}],"collection":[{"href":"https:\/\/www.casa-marcial.com\/fr\/wp-json\/wp\/v2\/pages"}],"about":[{"href":"https:\/\/www.casa-marcial.com\/fr\/wp-json\/wp\/v2\/types\/page"}],"author":[{"embeddable":true,"href":"https:\/\/www.casa-marcial.com\/fr\/wp-json\/wp\/v2\/users\/2"}],"replies":[{"embeddable":true,"href":"https:\/\/www.casa-marcial.com\/fr\/wp-json\/wp\/v2\/comments?post=2579"}],"version-history":[{"count":1,"href":"https:\/\/www.casa-marcial.com\/fr\/wp-json\/wp\/v2\/pages\/2579\/revisions"}],"predecessor-version":[{"id":2581,"href":"https:\/\/www.casa-marcial.com\/fr\/wp-json\/wp\/v2\/pages\/2579\/revisions\/2581"}],"wp:attachment":[{"href":"https:\/\/www.casa-marcial.com\/fr\/wp-json\/wp\/v2\/media?parent=2579"}],"curies":[{"name":"wp","href":"https:\/\/api.w.org\/{rel}","templated":true}]}}