{"id":2564,"date":"2024-12-31T05:55:42","date_gmt":"2024-12-31T05:55:42","guid":{"rendered":"https:\/\/cmarcial.wp.omitsisdev.com\/spaces\/"},"modified":"2026-01-19T13:40:12","modified_gmt":"2026-01-19T13:40:12","slug":"espaces","status":"publish","type":"page","link":"https:\/\/www.casa-marcial.com\/fr\/espaces\/","title":{"rendered":"Espaces"},"content":{"rendered":"\n<div\n\tstyle=\" background: url(https:\/\/www.casa-marcial.com\/wp-content\/uploads\/2024\/12\/piscina_3.jpg) no-repeat center center \/ cover;\" class=\"omt-multi-hero has-background-color has-none-background-color wp-block-omt-multi-hero\"\t>\n\t<div class=\"container\">\n\t\t\t\t<div class=\"omt-multi-hero__content animation-element bounce-up text-center\">\n\n\t\t\t<h1 class=\"omt-multi-hero__title\">Espaces<\/h1>\n\t\t\t\t\t\t\t<div class=\"omt-multi-hero__description\">\n\t\t\t\t\t<p>Casa Marcial dispose de diff\u00e9rents espaces communs o\u00f9 vous pouvez profiter et vous d\u00e9tendre pendant votre s\u00e9jour.<\/p>\n\t\t\t\t<\/div>\n\t\t\t\t\t\t<div class=\"omt-multi-hero__buttons omt--multiple-button\">\n\t\t\t\t\t\t\t\t\t<div class=\"omt-buttons  omt-multi-hero__cta\"><a class=\"omt-button  omt-button--transparent\" href=\"https:\/\/direct-book.com\/properties\/hotelcasamarcial?locale=en&#038;items%5B0%5D%5Badults%5D=2&#038;items%5B0%5D%5Bchildren%5D=0&#038;items%5B0%5D%5Binfants%5D=0&#038;currency=EUR&#038;checkInDate=2026-01-19&#038;checkOutDate=2026-01-20&#038;trackPage=yes\" >R\u00e9servez une chambre au meilleur prix<\/a><\/div>\t\t\t<\/div>\n\t\t<\/div>\n\t<\/div>\n<\/div>\n\n\n\n<div\n\tclass=\"omt-spaces wp-block-omt-spaces\"\t>\n\t\t<div class=\"container-full-width\">\n\t\t<div class=\"omt-spaces__wrapper\">\n\t\t\t\t\t\t\t\t<div class=\"omt-spaces__block animation-element bounce-up\">\n\t\t\t\t\t\t<div class=\"omt-spaces__img-block\">\n\t\t\t\t\t\t\t<img decoding=\"async\" width=\"677\" height=\"1000\" src=\"https:\/\/www.casa-marcial.com\/wp-content\/uploads\/2024\/12\/F0328_20181113_142.jpg\" class=\"omt-spaces__img\" alt=\"\" loading=\"lazy\" srcset=\"https:\/\/www.casa-marcial.com\/wp-content\/uploads\/2024\/12\/F0328_20181113_142.jpg 677w, https:\/\/www.casa-marcial.com\/wp-content\/uploads\/2024\/12\/F0328_20181113_142-203x300.jpg 203w, https:\/\/www.casa-marcial.com\/wp-content\/uploads\/2024\/12\/F0328_20181113_142-264x390.jpg 264w\" sizes=\"auto, (max-width: 677px) 100vw, 677px\" \/>\t\t\t\t\t\t<\/div>\n\t\t\t\t\t\t<div class=\"omt-spaces__txt\">\n\t\t\t\t\t\t\t\t\t\t\t\t\t\t\t<h2 class=\"omt-spaces__title\">Salon<\/h2>\n\t\t\t\t\t\t\t\t\t\t\t\t\t\t\t\t\t\t\t\t\t\t<div class=\"omt-spaces__desc\">Endroit id\u00e9al pour lire ou se d\u00e9tendre avec vue sur les jardins.<\/div>\n\t\t\t\t\t\t\t\t\t\t\t\t\t<\/div>\n\t\t\t\t\t<\/div>\n\t\t\t\t\t\t\t\t\t\t<div class=\"omt-spaces__block animation-element bounce-up\">\n\t\t\t\t\t\t<div class=\"omt-spaces__img-block\">\n\t\t\t\t\t\t\t<img decoding=\"async\" width=\"1500\" height=\"900\" src=\"https:\/\/www.casa-marcial.com\/wp-content\/uploads\/2024\/12\/pergola-anna-lopez-01.jpg\" class=\"omt-spaces__img\" alt=\"\" loading=\"lazy\" srcset=\"https:\/\/www.casa-marcial.com\/wp-content\/uploads\/2024\/12\/pergola-anna-lopez-01.jpg 1500w, https:\/\/www.casa-marcial.com\/wp-content\/uploads\/2024\/12\/pergola-anna-lopez-01-300x180.jpg 300w, https:\/\/www.casa-marcial.com\/wp-content\/uploads\/2024\/12\/pergola-anna-lopez-01-1024x614.jpg 1024w, https:\/\/www.casa-marcial.com\/wp-content\/uploads\/2024\/12\/pergola-anna-lopez-01-768x461.jpg 768w, https:\/\/www.casa-marcial.com\/wp-content\/uploads\/2024\/12\/pergola-anna-lopez-01-480x288.jpg 480w\" sizes=\"auto, (max-width: 1500px) 100vw, 1500px\" \/>\t\t\t\t\t\t<\/div>\n\t\t\t\t\t\t<div class=\"omt-spaces__txt\">\n\t\t\t\t\t\t\t\t\t\t\t\t\t\t\t<h2 class=\"omt-spaces__title\">Le jardin<\/h2>\n\t\t\t\t\t\t\t\t\t\t\t\t\t\t\t\t\t\t\t\t\t\t<div class=\"omt-spaces__desc\">Le jardin a une superficie d&rsquo;environ 1 200 m2, r\u00e9partie sur deux niveaux. On y trouve de petits vestiges de la muraille m\u00e9di\u00e9vale du XIe si\u00e8cle, l&rsquo;abside romane de Santa Maria (XIIe si\u00e8cle) et les vestiges de la muraille de la m\u00eame \u00e9poque.<\/div>\n\t\t\t\t\t\t\t\t\t\t\t\t\t<\/div>\n\t\t\t\t\t<\/div>\n\t\t\t\t\t\t\t\t\t\t<div class=\"omt-spaces__block animation-element bounce-up\">\n\t\t\t\t\t\t<div class=\"omt-spaces__img-block\">\n\t\t\t\t\t\t\t<img decoding=\"async\" width=\"1000\" height=\"617\" src=\"https:\/\/www.casa-marcial.com\/wp-content\/uploads\/2024\/12\/F0328_20181113_007.jpg\" class=\"omt-spaces__img\" alt=\"\" loading=\"lazy\" srcset=\"https:\/\/www.casa-marcial.com\/wp-content\/uploads\/2024\/12\/F0328_20181113_007.jpg 1000w, https:\/\/www.casa-marcial.com\/wp-content\/uploads\/2024\/12\/F0328_20181113_007-300x185.jpg 300w, https:\/\/www.casa-marcial.com\/wp-content\/uploads\/2024\/12\/F0328_20181113_007-768x474.jpg 768w, https:\/\/www.casa-marcial.com\/wp-content\/uploads\/2024\/12\/F0328_20181113_007-480x296.jpg 480w\" sizes=\"auto, (max-width: 1000px) 100vw, 1000px\" \/>\t\t\t\t\t\t<\/div>\n\t\t\t\t\t\t<div class=\"omt-spaces__txt\">\n\t\t\t\t\t\t\t\t\t\t\t\t\t\t\t<h2 class=\"omt-spaces__title\">Petit-d\u00e9jeuner<\/h2>\n\t\t\t\t\t\t\t\t\t\t\t\t\t\t\t\t\t\t\t\t\t\t<div class=\"omt-spaces__desc\">Le petit-d\u00e9jeuner \u00e9tait inclus dans la chambre.<\/div>\n\t\t\t\t\t\t\t\t\t\t\t\t\t<\/div>\n\t\t\t\t\t<\/div>\n\t\t\t\t\t\t\t\t\t\t<div class=\"omt-spaces__block animation-element bounce-up\">\n\t\t\t\t\t\t<div class=\"omt-spaces__img-block\">\n\t\t\t\t\t\t\t<img decoding=\"async\" width=\"1200\" height=\"1010\" src=\"https:\/\/www.casa-marcial.com\/wp-content\/uploads\/2024\/12\/piscina_12.jpg\" class=\"omt-spaces__img\" alt=\"\" loading=\"lazy\" srcset=\"https:\/\/www.casa-marcial.com\/wp-content\/uploads\/2024\/12\/piscina_12.jpg 1200w, https:\/\/www.casa-marcial.com\/wp-content\/uploads\/2024\/12\/piscina_12-300x253.jpg 300w, https:\/\/www.casa-marcial.com\/wp-content\/uploads\/2024\/12\/piscina_12-1024x862.jpg 1024w, https:\/\/www.casa-marcial.com\/wp-content\/uploads\/2024\/12\/piscina_12-768x646.jpg 768w, https:\/\/www.casa-marcial.com\/wp-content\/uploads\/2024\/12\/piscina_12-463x390.jpg 463w\" sizes=\"auto, (max-width: 1200px) 100vw, 1200px\" \/>\t\t\t\t\t\t<\/div>\n\t\t\t\t\t\t<div class=\"omt-spaces__txt\">\n\t\t\t\t\t\t\t\t\t\t\t\t\t\t\t<h2 class=\"omt-spaces__title\">La piscine<\/h2>\n\t\t\t\t\t\t\t\t\t\t\t\t\t\t\t\t\t\t\t\t\t\t<div class=\"omt-spaces__desc\">La piscine (\u00e9clair\u00e9e), adapt\u00e9e aux vestiges m\u00e9di\u00e9vaux de l&rsquo;environnement, dispose d&rsquo;une zone autour de la piscine pour se d\u00e9tendre.<\/div>\n\t\t\t\t\t\t\t\t\t\t\t\t\t<\/div>\n\t\t\t\t\t<\/div>\n\t\t\t\t\t\t\t\t\t\t<div class=\"omt-spaces__block animation-element bounce-up\">\n\t\t\t\t\t\t<div class=\"omt-spaces__img-block\">\n\t\t\t\t\t\t\t<img decoding=\"async\" width=\"778\" height=\"705\" src=\"https:\/\/www.casa-marcial.com\/wp-content\/uploads\/2024\/12\/wifi.jpg\" class=\"omt-spaces__img\" alt=\"\" loading=\"lazy\" srcset=\"https:\/\/www.casa-marcial.com\/wp-content\/uploads\/2024\/12\/wifi.jpg 778w, https:\/\/www.casa-marcial.com\/wp-content\/uploads\/2024\/12\/wifi-300x272.jpg 300w, https:\/\/www.casa-marcial.com\/wp-content\/uploads\/2024\/12\/wifi-768x696.jpg 768w, https:\/\/www.casa-marcial.com\/wp-content\/uploads\/2024\/12\/wifi-430x390.jpg 430w\" sizes=\"auto, (max-width: 778px) 100vw, 778px\" \/>\t\t\t\t\t\t<\/div>\n\t\t\t\t\t\t<div class=\"omt-spaces__txt\">\n\t\t\t\t\t\t\t\t\t\t\t\t\t\t\t<h2 class=\"omt-spaces__title\">Wifi<\/h2>\n\t\t\t\t\t\t\t\t\t\t\t\t\t\t\t\t\t\t\t\t\t\t<div class=\"omt-spaces__desc\">Casa Marcial offre un acc\u00e8s WIFI gratuit disponible dans toutes les zones de l&rsquo;h\u00f4tel.<\/div>\n\t\t\t\t\t\t\t\t\t\t\t\t\t<\/div>\n\t\t\t\t\t<\/div>\n\t\t\t\t\t\t\t<\/div>\n\t\t<div class=\"omt-buttons  omt-multi-hero__cta text-center\"><a class=\"omt-button  omt-button--transparent-red\" href=\"https:\/\/direct-book.com\/properties\/hotelcasamarcial?locale=en&#038;items%5B0%5D%5Badults%5D=2&#038;items%5B0%5D%5Bchildren%5D=0&#038;items%5B0%5D%5Binfants%5D=0&#038;currency=EUR&#038;checkInDate=2026-01-19&#038;checkOutDate=2026-01-20&#038;trackPage=yes\" >R\u00e9servez maintenant au meilleur prix<\/a><\/div>\t<\/div>\n<\/div>\n","protected":false},"excerpt":{"rendered":"","protected":false},"author":2,"featured_media":0,"parent":0,"menu_order":0,"comment_status":"closed","ping_status":"closed","template":"","meta":{"_acf_changed":false,"footnotes":""},"class_list":["post-2564","page","type-page","status-publish","hentry"],"acf":[],"_links":{"self":[{"href":"https:\/\/www.casa-marcial.com\/fr\/wp-json\/wp\/v2\/pages\/2564","targetHints":{"allow":["GET"]}}],"collection":[{"href":"https:\/\/www.casa-marcial.com\/fr\/wp-json\/wp\/v2\/pages"}],"about":[{"href":"https:\/\/www.casa-marcial.com\/fr\/wp-json\/wp\/v2\/types\/page"}],"author":[{"embeddable":true,"href":"https:\/\/www.casa-marcial.com\/fr\/wp-json\/wp\/v2\/users\/2"}],"replies":[{"embeddable":true,"href":"https:\/\/www.casa-marcial.com\/fr\/wp-json\/wp\/v2\/comments?post=2564"}],"version-history":[{"count":3,"href":"https:\/\/www.casa-marcial.com\/fr\/wp-json\/wp\/v2\/pages\/2564\/revisions"}],"predecessor-version":[{"id":2795,"href":"https:\/\/www.casa-marcial.com\/fr\/wp-json\/wp\/v2\/pages\/2564\/revisions\/2795"}],"wp:attachment":[{"href":"https:\/\/www.casa-marcial.com\/fr\/wp-json\/wp\/v2\/media?parent=2564"}],"curies":[{"name":"wp","href":"https:\/\/api.w.org\/{rel}","templated":true}]}}