{"id":2552,"date":"2024-08-05T09:46:29","date_gmt":"2024-08-05T09:46:29","guid":{"rendered":"https:\/\/cmarcial.wp.omitsisdev.com\/inici\/"},"modified":"2026-01-19T13:44:36","modified_gmt":"2026-01-19T13:44:36","slug":"inici","status":"publish","type":"page","link":"https:\/\/www.casa-marcial.com\/fr\/","title":{"rendered":"Home"},"content":{"rendered":"\n<div\n\tstyle=\"margin-bottom:var(--wp--preset--spacing--space-90);\" class=\"omt-banner-slider swiper wp-block-omt-banner-slider\"\t>\n\t\n\t\t<div class=\"omt-banner-slider__wrapper swiper-wrapper\">\n\n\t\t\t\t\t\t\t<div class=\"omt-banner-slider omt-banner-slider__slide swiper-slide\" loading=\"eager\" style=\"background: url(https:\/\/www.casa-marcial.com\/wp-content\/uploads\/2024\/12\/casamarcial_1.jpg) center center \/ cover no-repeat;\">\n\t\t\t\t\t<div class=\"container\">\n\t\t\t\t\t\t<div class=\"omt-banner-slider__content text-left\">\n\t\t\t\t\t\t\t<h1 class=\"omt-banner-slider__title\">L&#039;h\u00f4tel dans le centre historique de Besal\u00fa<\/h1>\t\t\t\t\t\t\t\t<div class=\"omt-banner-slider__description\">\n\t\t\t\t\t\t\t\t\t<p>Casa Marcial est un h\u00f4tel exclusif pour adultes r\u00e9cemment restaur\u00e9 et situ\u00e9 dans un emplacement calme et privil\u00e9gi\u00e9 au c\u0153ur du centre historique de Besal\u00fa.<\/p>\n\t\t\t\t\t\t\t\t<\/div>\n\t\t\t\t\t\t\t\t\t\t\t\t\t\t<div class=\"omt-banner-slider__buttons omt--multiple-button\">\n\t\t\t\t\t\t\t\t<div class=\"omt-buttons  omt-multi-hero__cta\"><a class=\"omt-button  omt-button--transparent\" href=\"https:\/\/direct-book.com\/properties\/hotelcasamarcial?locale=en&#038;items%5B0%5D%5Badults%5D=2&#038;items%5B0%5D%5Bchildren%5D=0&#038;items%5B0%5D%5Binfants%5D=0&#038;currency=EUR&#038;checkInDate=2026-01-19&#038;checkOutDate=2026-01-20&#038;trackPage=yes\" >R\u00e9servez maintenant au meilleur prix<\/a><\/div>\t\t\t\t\t\t\t<\/div>\n\t\t\t\t\t\t<\/div>\n\t\t\t\t\t<\/div>\n\t\t\t\t<\/div>\n\n\t\t\t\t\t\t\t<div class=\"omt-banner-slider omt-banner-slider__slide swiper-slide\" loading=\"eager\" style=\"background: url(https:\/\/www.casa-marcial.com\/wp-content\/uploads\/2025\/01\/pergola_casa_marcial_02.jpg) center center \/ cover no-repeat;\">\n\t\t\t\t\t<div class=\"container\">\n\t\t\t\t\t\t<div class=\"omt-banner-slider__content text-left\">\n\t\t\t\t\t\t\t<h2 class=\"omt-banner-slider__title\">L&#039;h\u00f4tel dans le centre historique de Besal\u00fa<\/h2>\t\t\t\t\t\t\t\t<div class=\"omt-banner-slider__description\">\n\t\t\t\t\t\t\t\t\t<p>Casa Marcial est un h\u00f4tel exclusif pour adultes r\u00e9cemment restaur\u00e9 et situ\u00e9 dans un emplacement calme et privil\u00e9gi\u00e9 au c\u0153ur du centre historique de Besal\u00fa.<\/p>\n\t\t\t\t\t\t\t\t<\/div>\n\t\t\t\t\t\t\t\t\t\t\t\t\t\t<div class=\"omt-banner-slider__buttons omt--multiple-button\">\n\t\t\t\t\t\t\t\t<div class=\"omt-buttons  omt-multi-hero__cta\"><a class=\"omt-button  omt-button--transparent\" href=\"https:\/\/direct-book.com\/properties\/hotelcasamarcial?locale=en&#038;items%5B0%5D%5Badults%5D=2&#038;items%5B0%5D%5Bchildren%5D=0&#038;items%5B0%5D%5Binfants%5D=0&#038;currency=EUR&#038;checkInDate=2026-01-19&#038;checkOutDate=2026-01-20&#038;trackPage=yes\"  target=\"_blank\">R\u00e9servez maintenant au meilleur prix<\/a><\/div>\t\t\t\t\t\t\t<\/div>\n\t\t\t\t\t\t<\/div>\n\t\t\t\t\t<\/div>\n\t\t\t\t<\/div>\n\n\t\t\t\t\t\t\t<div class=\"omt-banner-slider omt-banner-slider__slide swiper-slide\" loading=\"eager\" style=\"background: url(https:\/\/www.casa-marcial.com\/wp-content\/uploads\/2025\/01\/casa_marcial_piscina_nit.jpg) center center \/ cover no-repeat;\">\n\t\t\t\t\t<div class=\"container\">\n\t\t\t\t\t\t<div class=\"omt-banner-slider__content text-left\">\n\t\t\t\t\t\t\t<h2 class=\"omt-banner-slider__title\">L&#039;h\u00f4tel dans le centre historique de Besal\u00fa<\/h2>\t\t\t\t\t\t\t\t<div class=\"omt-banner-slider__description\">\n\t\t\t\t\t\t\t\t\t<p>Casa Marcial est un h\u00f4tel exclusif pour adultes r\u00e9cemment restaur\u00e9 et situ\u00e9 dans un emplacement calme et privil\u00e9gi\u00e9 au c\u0153ur du centre historique de Besal\u00fa.<\/p>\n\t\t\t\t\t\t\t\t<\/div>\n\t\t\t\t\t\t\t\t\t\t\t\t\t\t<div class=\"omt-banner-slider__buttons omt--multiple-button\">\n\t\t\t\t\t\t\t\t<div class=\"omt-buttons  omt-multi-hero__cta\"><a class=\"omt-button  omt-button--transparent\" href=\"https:\/\/direct-book.com\/properties\/hotelcasamarcial?locale=en&#038;items%5B0%5D%5Badults%5D=2&#038;items%5B0%5D%5Bchildren%5D=0&#038;items%5B0%5D%5Binfants%5D=0&#038;currency=EUR&#038;checkInDate=2026-01-19&#038;checkOutDate=2026-01-20&#038;trackPage=yes\"  target=\"_blank\">R\u00e9servez maintenant au meilleur prix<\/a><\/div>\t\t\t\t\t\t\t<\/div>\n\t\t\t\t\t\t<\/div>\n\t\t\t\t\t<\/div>\n\t\t\t\t<\/div>\n\n\t\t\t\t\t\t\t<div class=\"omt-banner-slider omt-banner-slider__slide swiper-slide\" loading=\"eager\" style=\"background: url(https:\/\/www.casa-marcial.com\/wp-content\/uploads\/2025\/01\/casa_marcial_habitacio.jpg) center center \/ cover no-repeat;\">\n\t\t\t\t\t<div class=\"container\">\n\t\t\t\t\t\t<div class=\"omt-banner-slider__content text-left\">\n\t\t\t\t\t\t\t<h2 class=\"omt-banner-slider__title\">L&#039;h\u00f4tel dans le centre historique de Besal\u00fa<\/h2>\t\t\t\t\t\t\t\t<div class=\"omt-banner-slider__description\">\n\t\t\t\t\t\t\t\t\t<p>Casa Marcial est un h\u00f4tel exclusif pour adultes r\u00e9cemment restaur\u00e9 et situ\u00e9 dans un emplacement calme et privil\u00e9gi\u00e9 au c\u0153ur du centre historique de Besal\u00fa.<\/p>\n\t\t\t\t\t\t\t\t<\/div>\n\t\t\t\t\t\t\t\t\t\t\t\t\t\t<div class=\"omt-banner-slider__buttons omt--multiple-button\">\n\t\t\t\t\t\t\t\t<div class=\"omt-buttons  omt-multi-hero__cta\"><a class=\"omt-button  omt-button--transparent\" href=\"https:\/\/direct-book.com\/properties\/hotelcasamarcial?locale=en&#038;items%5B0%5D%5Badults%5D=2&#038;items%5B0%5D%5Bchildren%5D=0&#038;items%5B0%5D%5Binfants%5D=0&#038;currency=EUR&#038;checkInDate=2026-01-19&#038;checkOutDate=2026-01-20&#038;trackPage=yes\"  target=\"_blank\">R\u00e9servez maintenant au meilleur prix<\/a><\/div>\t\t\t\t\t\t\t<\/div>\n\t\t\t\t\t\t<\/div>\n\t\t\t\t\t<\/div>\n\t\t\t\t<\/div>\n\n\t\t\t\t\t\t\t<div class=\"omt-banner-slider omt-banner-slider__slide swiper-slide\" loading=\"eager\" style=\"background: url(https:\/\/www.casa-marcial.com\/wp-content\/uploads\/2025\/01\/el-capitell-casa-marcial.jpg) center center \/ cover no-repeat;\">\n\t\t\t\t\t<div class=\"container\">\n\t\t\t\t\t\t<div class=\"omt-banner-slider__content text-left\">\n\t\t\t\t\t\t\t<h2 class=\"omt-banner-slider__title\">Le restaurant El Capitell<\/h2>\t\t\t\t\t\t\t<div class=\"omt-banner-slider__buttons omt--multiple-button\">\n\t\t\t\t\t\t\t\t<div class=\"omt-buttons  omt-multi-hero__cta\"><a class=\"omt-button  omt-button--transparent\" href=\"https:\/\/direct-book.com\/properties\/hotelcasamarcial?locale=en&#038;items%5B0%5D%5Badults%5D=2&#038;items%5B0%5D%5Bchildren%5D=0&#038;items%5B0%5D%5Binfants%5D=0&#038;currency=EUR&#038;checkInDate=2026-01-19&#038;checkOutDate=2026-01-20&#038;trackPage=yes\"  target=\"_blank\">R\u00e9servez maintenant au meilleur prix<\/a><\/div>\t\t\t\t\t\t\t<\/div>\n\t\t\t\t\t\t<\/div>\n\t\t\t\t\t<\/div>\n\t\t\t\t<\/div>\n\n\t\t\t\t\t\t\n\t\t<\/div>\n\t\t\t\t\n\t<\/div>\n\n\n<script>\n\tdocument.addEventListener('DOMContentLoaded', function() {\n\t\tlet swiper = new Swiper(\".omt-banner-slider\", {\n\t\t\tslidesPerView: \"1\",\n\t\t\tspaceBetween: 25,\n\t\t\teffect: \"fade\",\n\t\t\tautoplay: true,\n\t\t\tspeed: 1500,\n\t\t\tloop: false,\n\t\t\tkeyboard: {\n\t\t\t\tenabled: true,\n\t\t\t},\n\t\t\tpagination: {\n\t\t\t\tel: '.omt-banner-slider__pagination',\n\t\t\t\tclickable: true,\n\t\t\t},\n\t\t\tnavigation: {\n\t\t\t\tnextEl: '.omt-banner-slider__arrow-next',\n\t\t\t\tprevEl: '.omt-banner-slider__arrow-prev',\n\t\t\t},\n\t\t\t\n\t\t});\n\t});\n<\/script>\n\n\n<div\nclass=\"omt-container has-none-background-color omt-container__wrapper--none wp-block-omt-container\" id=\"block_9bc4ade74163e581bc8fcdded361f91b\">\n\t<div class=\"omt-container__wrapper omt-container__wrapper--normal omt-container__wrapper--offset-\">\n\t\t<div class=\"acf-innerblocks-container\">\n\n<div\n\tstyle=\"padding-top:var(--wp--preset--spacing--space-90);padding-bottom:var(--wp--preset--spacing--space-90);margin-top:var(--wp--preset--spacing--space-90);\" class=\"omt-details-content wp-block-omt-details-content\"\t>\n\t\t<div class=\"container\">\n\t\t<div class=\"omt-details-content__main animation-element bounce-up text-center\">\n\t\t\t\t\t\t\t<h2 class=\"omt-content-list__heading\">\n\t\t\t\t\tCasa Marcial est un h\u00f4tel exclusif pour adultes r\u00e9cemment restaur\u00e9 et situ\u00e9 dans un emplacement calme et privil\u00e9gi\u00e9 au c\u0153ur du centre historique de Besal\u00fa.<\/h2>\n\t\t\t\t\t\t\t\t\t\t\t<\/div>\n\t<\/div>\n<\/div>\n\n\n\n<div\n\tstyle=\"padding-bottom:var(--wp--preset--spacing--space-90);\" class=\"omt-left-right-image-content wp-block-omt-left-right-image-content\"\t>\n\t\t\t<div class=\"omt-left-right-image-content__wrapper omt-left-right-image-content__right-img text-card-upper\">\n\t\t\t<div class=\"omt-left-right-image-content__details animation-element bounce-left-to-right\">\n\t\t\t\t\n\t\t\t\t\t\t\t\t\t<h4 class=\"omt-left-right-image-content__title has-h-4-font-size \">Espaces<\/h4>\n\t\t\t\t\t\t\t\t\t\t\t\t\t<div class=\"omt-left-right-image-content__txt\"><p>Distribu\u00e9 sur deux b\u00e2timents. Le principal est class\u00e9 et date de la fin du XIXe si\u00e8cle et du d\u00e9but du XXe. Il est de style n\u00e9oclassique et se distingue par sa fa\u00e7ade et les &lsquo;alcovats&rsquo; de son int\u00e9rieur. Le second b\u00e2timent, de construction r\u00e9cente, a \u00e9t\u00e9 \u00e9difi\u00e9 sur les vestiges d&rsquo;une ancienne maison noble m\u00e9di\u00e9vale de la premi\u00e8re moiti\u00e9 du XVIIe si\u00e8cle.<br \/>\nProfitez de notre piscine, au design int\u00e9gr\u00e9 \u00e0 l&rsquo;environnement des vestiges m\u00e9di\u00e9vaux du jardin, elle est \u00e9clairable la nuit et poss\u00e8de une plateforme r\u00e9tractable qui devient un lieu de d\u00e9tente et de d\u00e9connexion.<\/p>\n<\/div>\n\t\t\t\t\t\t\t\t<div class=\"omt-left-right-image-content__buttons omt--multiple-button\">\n\t\t\t\t\t<div class=\"omt-buttons  omt-multi-hero__cta\"><a class=\"omt-button  omt-button--transparent-red has-arrow\" href=\"https:\/\/www.casa-marcial.com\/espaces\/\" >D\u00e9couvrez les espaces<\/a><\/div>\t\t\t\t<\/div>\n\t\t\t<\/div>\n\t\t\t<div class=\"omt-left-right-image-content__image-block right-image-block animation-element bounce-up\">\n\t\t\t\t<img decoding=\"async\" width=\"1000\" height=\"945\" src=\"https:\/\/www.casa-marcial.com\/wp-content\/uploads\/2024\/12\/F0328_20181113_108-Pano.jpg\" class=\"omt-left-right-image-content__image\" alt=\"\" loading=\"lazy\" srcset=\"https:\/\/www.casa-marcial.com\/wp-content\/uploads\/2024\/12\/F0328_20181113_108-Pano.jpg 1000w, https:\/\/www.casa-marcial.com\/wp-content\/uploads\/2024\/12\/F0328_20181113_108-Pano-300x284.jpg 300w, https:\/\/www.casa-marcial.com\/wp-content\/uploads\/2024\/12\/F0328_20181113_108-Pano-768x726.jpg 768w, https:\/\/www.casa-marcial.com\/wp-content\/uploads\/2024\/12\/F0328_20181113_108-Pano-413x390.jpg 413w\" sizes=\"auto, (max-width: 1000px) 100vw, 1000px\" \/>\n\t\t\t<\/div>\n\t\t<\/div>\n\t<\/div>\n\n\n\n<div\n\tstyle=\"padding-top:var(--wp--preset--spacing--space-90);padding-bottom:var(--wp--preset--spacing--space-90);\" class=\"omt-left-right-image-content wp-block-omt-left-right-image-content\"\t>\n\t\t\t<div class=\"omt-left-right-image-content__wrapper omt-left-right-image-content__left-img text-card-upper\">\n\t\t\t<div class=\"omt-left-right-image-content__image-block left-image-block animation-element bounce-up\">\n\t\t\t\t<img loading=\"lazy\" decoding=\"async\" width=\"1000\" height=\"667\" src=\"https:\/\/www.casa-marcial.com\/wp-content\/uploads\/2024\/12\/F0328_20181113_001.jpg\" class=\"omt-left-right-image-content__image\" alt=\"\" srcset=\"https:\/\/www.casa-marcial.com\/wp-content\/uploads\/2024\/12\/F0328_20181113_001.jpg 1000w, https:\/\/www.casa-marcial.com\/wp-content\/uploads\/2024\/12\/F0328_20181113_001-300x200.jpg 300w, https:\/\/www.casa-marcial.com\/wp-content\/uploads\/2024\/12\/F0328_20181113_001-768x512.jpg 768w, https:\/\/www.casa-marcial.com\/wp-content\/uploads\/2024\/12\/F0328_20181113_001-480x320.jpg 480w\" sizes=\"auto, (max-width: 1000px) 100vw, 1000px\" \/>\t\t\t<\/div>\n\t\t\t<div class=\"omt-left-right-image-content__details animation-element bounce-left-to-right\">\n\t\t\t\t\t\t\t\t\t<h4 class=\"omt-left-right-image-content__title has-h-4-font-size \">Chambres<\/h4>\n\t\t\t\t\t\t\t\t\t\t\t\t\t<div class=\"omt-left-right-image-content__txt\"><p>Casa Marcial dispose de 12 chambres :<br \/>\n5 doubles et 7 suites.<br \/>\nToutes avec vue sur le quartier juif ou le jardin.<\/p>\n<\/div>\n\t\t\t\t\t\t\t\t<div class=\"omt-left-right-image-content__buttons omt--multiple-button\">\n\t\t\t\t\t<div class=\"omt-buttons  omt-multi-hero__cta\"><a class=\"omt-button  omt-button--transparent-red has-arrow\" href=\"https:\/\/www.casa-marcial.com\/chambres\/\" >D\u00e9couvrez les espaces<\/a><\/div>\t\t\t\t<\/div>\n\t\t\t<\/div>\n\n\t\t<\/div>\n\t<\/div>\n\n<\/div>\n\t<\/div>\n<\/div>\n\n\n\n<div\n\tstyle=\" background: url(https:\/\/www.casa-marcial.com\/wp-content\/uploads\/2024\/12\/besalu.jpg) no-repeat center center \/ cover;\" class=\"omt-multi-hero has-background-color has-none-background-color wp-block-omt-multi-hero\"\t>\n\t<div class=\"container\">\n\t\t\t\t<div class=\"omt-multi-hero__content animation-element bounce-up text-center has-bg-card\">\n\n\t\t\t<h1 class=\"omt-multi-hero__title\">Environnement<\/h1>\n\t\t\t\t\t\t\t<div class=\"omt-multi-hero__description\">\n\t\t\t\t\t<p>Besal\u00fa b\u00e9n\u00e9ficie d&rsquo;une situation g\u00e9ographique privil\u00e9gi\u00e9e entre les Pyr\u00e9n\u00e9es catalanes et la Costa Brava.<\/p>\n\t\t\t\t<\/div>\n\t\t\t\t\t\t<div class=\"omt-multi-hero__buttons omt--multiple-button\">\n\t\t\t\t\t\t\t\t\t<div class=\"omt-buttons  omt-multi-hero__cta\"><a class=\"omt-button  omt-button--transparent-red\" href=\"https:\/\/www.casa-marcial.com\/environment\/\" >D\u00e9couvrez l&#039;environnement<\/a><\/div>\t\t\t\t\t<div class=\"omt-buttons  omt-multi-hero__cta\"><a class=\"omt-button  omt-button--transparent-red\" href=\"https:\/\/direct-book.com\/properties\/hotelcasamarcial?locale=en&#038;items%5B0%5D%5Badults%5D=2&#038;items%5B0%5D%5Bchildren%5D=0&#038;items%5B0%5D%5Binfants%5D=0&#038;currency=EUR&#038;checkInDate=2026-01-19&#038;checkOutDate=2026-01-20&#038;trackPage=yes\"  target=\"_blank\">R\u00e9servez une chambre au meilleur prix<\/a><\/div>\t\t\t<\/div>\n\t\t<\/div>\n\t<\/div>\n<\/div>\n","protected":false},"excerpt":{"rendered":"","protected":false},"author":2,"featured_media":0,"parent":0,"menu_order":0,"comment_status":"closed","ping_status":"closed","template":"","meta":{"_acf_changed":false,"footnotes":""},"class_list":["post-2552","page","type-page","status-publish","hentry"],"acf":[],"_links":{"self":[{"href":"https:\/\/www.casa-marcial.com\/fr\/wp-json\/wp\/v2\/pages\/2552","targetHints":{"allow":["GET"]}}],"collection":[{"href":"https:\/\/www.casa-marcial.com\/fr\/wp-json\/wp\/v2\/pages"}],"about":[{"href":"https:\/\/www.casa-marcial.com\/fr\/wp-json\/wp\/v2\/types\/page"}],"author":[{"embeddable":true,"href":"https:\/\/www.casa-marcial.com\/fr\/wp-json\/wp\/v2\/users\/2"}],"replies":[{"embeddable":true,"href":"https:\/\/www.casa-marcial.com\/fr\/wp-json\/wp\/v2\/comments?post=2552"}],"version-history":[{"count":12,"href":"https:\/\/www.casa-marcial.com\/fr\/wp-json\/wp\/v2\/pages\/2552\/revisions"}],"predecessor-version":[{"id":2798,"href":"https:\/\/www.casa-marcial.com\/fr\/wp-json\/wp\/v2\/pages\/2552\/revisions\/2798"}],"wp:attachment":[{"href":"https:\/\/www.casa-marcial.com\/fr\/wp-json\/wp\/v2\/media?parent=2552"}],"curies":[{"name":"wp","href":"https:\/\/api.w.org\/{rel}","templated":true}]}}