{"id":2453,"date":"2024-08-05T09:46:29","date_gmt":"2024-08-05T09:46:29","guid":{"rendered":"https:\/\/cmarcial.wp.omitsisdev.com\/inici\/"},"modified":"2026-01-19T13:25:51","modified_gmt":"2026-01-19T13:25:51","slug":"inici","status":"publish","type":"page","link":"https:\/\/www.casa-marcial.com\/es\/","title":{"rendered":"Home"},"content":{"rendered":"\n<div\n\tstyle=\"margin-bottom:var(--wp--preset--spacing--space-90);\" class=\"omt-banner-slider swiper wp-block-omt-banner-slider\"\t>\n\t\n\t\t<div class=\"omt-banner-slider__wrapper swiper-wrapper\">\n\n\t\t\t\t\t\t\t<div class=\"omt-banner-slider omt-banner-slider__slide swiper-slide\" loading=\"eager\" style=\"background: url(https:\/\/www.casa-marcial.com\/wp-content\/uploads\/2024\/12\/casamarcial_1.jpg) center center \/ cover no-repeat;\">\n\t\t\t\t\t<div class=\"container\">\n\t\t\t\t\t\t<div class=\"omt-banner-slider__content text-left\">\n\t\t\t\t\t\t\t<h1 class=\"omt-banner-slider__title\"> El hotel en el centro hist\u00f3rico de Besal\u00fa<\/h1>\t\t\t\t\t\t\t\t<div class=\"omt-banner-slider__description\">\n\t\t\t\t\t\t\t\t\t<p>Casa Marcial es un hotel exclusivo para adultos restaurado recientemente que se encuentra situado en un lugar tranquilo y privilegiado del centro hist\u00f3rico de Besal\u00fa.<\/p>\n\t\t\t\t\t\t\t\t<\/div>\n\t\t\t\t\t\t\t\t\t\t\t\t\t\t<div class=\"omt-banner-slider__buttons omt--multiple-button\">\n\t\t\t\t\t\t\t\t<div class=\"omt-buttons  omt-multi-hero__cta\"><a class=\"omt-button  omt-button--transparent\" href=\"https:\/\/direct-book.com\/properties\/hotelcasamarcial\"  target=\"_blank\">Reservar mejor precio<\/a><\/div>\t\t\t\t\t\t\t<\/div>\n\t\t\t\t\t\t<\/div>\n\t\t\t\t\t<\/div>\n\t\t\t\t<\/div>\n\n\t\t\t\t\t\t\t<div class=\"omt-banner-slider omt-banner-slider__slide swiper-slide\" loading=\"eager\" style=\"background: url(https:\/\/www.casa-marcial.com\/wp-content\/uploads\/2025\/01\/pergola_casa_marcial_02.jpg) center center \/ cover no-repeat;\">\n\t\t\t\t\t<div class=\"container\">\n\t\t\t\t\t\t<div class=\"omt-banner-slider__content text-left\">\n\t\t\t\t\t\t\t<h2 class=\"omt-banner-slider__title\"> El hotel en el centro hist\u00f3rico de Besal\u00fa<\/h2>\t\t\t\t\t\t\t\t<div class=\"omt-banner-slider__description\">\n\t\t\t\t\t\t\t\t\t<p>Casa Marcial es un hotel exclusivo para adultos restaurado recientemente que se encuentra situado en un lugar tranquilo y privilegiado del centro hist\u00f3rico de Besal\u00fa.<\/p>\n\t\t\t\t\t\t\t\t<\/div>\n\t\t\t\t\t\t\t\t\t\t\t\t\t\t<div class=\"omt-banner-slider__buttons omt--multiple-button\">\n\t\t\t\t\t\t\t\t<div class=\"omt-buttons  omt-multi-hero__cta\"><a class=\"omt-button  omt-button--transparent\" href=\"https:\/\/direct-book.com\/properties\/hotelcasamarcial\"  target=\"_blank\">Reservar mejor precio<\/a><\/div>\t\t\t\t\t\t\t<\/div>\n\t\t\t\t\t\t<\/div>\n\t\t\t\t\t<\/div>\n\t\t\t\t<\/div>\n\n\t\t\t\t\t\t\t<div class=\"omt-banner-slider omt-banner-slider__slide swiper-slide\" loading=\"eager\" style=\"background: url(https:\/\/www.casa-marcial.com\/wp-content\/uploads\/2025\/01\/casa_marcial_piscina_nit.jpg) center center \/ cover no-repeat;\">\n\t\t\t\t\t<div class=\"container\">\n\t\t\t\t\t\t<div class=\"omt-banner-slider__content text-left\">\n\t\t\t\t\t\t\t<h2 class=\"omt-banner-slider__title\"> El hotel en el centro hist\u00f3rico de Besal\u00fa<\/h2>\t\t\t\t\t\t\t\t<div class=\"omt-banner-slider__description\">\n\t\t\t\t\t\t\t\t\t<p>Casa Marcial es un hotel exclusivo para adultos restaurado recientemente que se encuentra situado en un lugar tranquilo y privilegiado del centro hist\u00f3rico de Besal\u00fa.<\/p>\n\t\t\t\t\t\t\t\t<\/div>\n\t\t\t\t\t\t\t\t\t\t\t\t\t\t<div class=\"omt-banner-slider__buttons omt--multiple-button\">\n\t\t\t\t\t\t\t\t<div class=\"omt-buttons  omt-multi-hero__cta\"><a class=\"omt-button  omt-button--transparent\" href=\"https:\/\/direct-book.com\/properties\/hotelcasamarcial\"  target=\"_blank\">Reservar mejor precio<\/a><\/div>\t\t\t\t\t\t\t<\/div>\n\t\t\t\t\t\t<\/div>\n\t\t\t\t\t<\/div>\n\t\t\t\t<\/div>\n\n\t\t\t\t\t\t\t<div class=\"omt-banner-slider omt-banner-slider__slide swiper-slide\" loading=\"eager\" style=\"background: url(https:\/\/www.casa-marcial.com\/wp-content\/uploads\/2025\/01\/casa_marcial_habitacio.jpg) center center \/ cover no-repeat;\">\n\t\t\t\t\t<div class=\"container\">\n\t\t\t\t\t\t<div class=\"omt-banner-slider__content text-left\">\n\t\t\t\t\t\t\t<h2 class=\"omt-banner-slider__title\"> El hotel en el centro hist\u00f3rico de Besal\u00fa<\/h2>\t\t\t\t\t\t\t\t<div class=\"omt-banner-slider__description\">\n\t\t\t\t\t\t\t\t\t<p>Casa Marcial es un hotel exclusivo para adultos restaurado recientemente que se encuentra situado en un lugar tranquilo y privilegiado del centro hist\u00f3rico de Besal\u00fa.<\/p>\n\t\t\t\t\t\t\t\t<\/div>\n\t\t\t\t\t\t\t\t\t\t\t\t\t\t<div class=\"omt-banner-slider__buttons omt--multiple-button\">\n\t\t\t\t\t\t\t\t<div class=\"omt-buttons  omt-multi-hero__cta\"><a class=\"omt-button  omt-button--transparent\" href=\"https:\/\/direct-book.com\/properties\/hotelcasamarcial\"  target=\"_blank\">Reservar mejor precio<\/a><\/div>\t\t\t\t\t\t\t<\/div>\n\t\t\t\t\t\t<\/div>\n\t\t\t\t\t<\/div>\n\t\t\t\t<\/div>\n\n\t\t\t\t\t\t\t<div class=\"omt-banner-slider omt-banner-slider__slide swiper-slide\" loading=\"eager\" style=\"background: url(https:\/\/www.casa-marcial.com\/wp-content\/uploads\/2025\/01\/el-capitell-casa-marcial.jpg) center center \/ cover no-repeat;\">\n\t\t\t\t\t<div class=\"container\">\n\t\t\t\t\t\t<div class=\"omt-banner-slider__content text-left\">\n\t\t\t\t\t\t\t<h2 class=\"omt-banner-slider__title\">Espacio gastron\u00f3mico El Capitell<\/h2>\t\t\t\t\t\t\t<div class=\"omt-banner-slider__buttons omt--multiple-button\">\n\t\t\t\t\t\t\t\t<div class=\"omt-buttons  omt-multi-hero__cta\"><a class=\"omt-button  omt-button--transparent\" href=\"https:\/\/direct-book.com\/properties\/hotelcasamarcial\"  target=\"_blank\">Reserva <\/a><\/div>\t\t\t\t\t\t\t<\/div>\n\t\t\t\t\t\t<\/div>\n\t\t\t\t\t<\/div>\n\t\t\t\t<\/div>\n\n\t\t\t\t\t\t\n\t\t<\/div>\n\t\t\t\t\n\t<\/div>\n\n\n<script>\n\tdocument.addEventListener('DOMContentLoaded', function() {\n\t\tlet swiper = new Swiper(\".omt-banner-slider\", {\n\t\t\tslidesPerView: \"1\",\n\t\t\tspaceBetween: 25,\n\t\t\teffect: \"fade\",\n\t\t\tautoplay: true,\n\t\t\tspeed: 1500,\n\t\t\tloop: false,\n\t\t\tkeyboard: {\n\t\t\t\tenabled: true,\n\t\t\t},\n\t\t\tpagination: {\n\t\t\t\tel: '.omt-banner-slider__pagination',\n\t\t\t\tclickable: true,\n\t\t\t},\n\t\t\tnavigation: {\n\t\t\t\tnextEl: '.omt-banner-slider__arrow-next',\n\t\t\t\tprevEl: '.omt-banner-slider__arrow-prev',\n\t\t\t},\n\t\t\t\n\t\t});\n\t});\n<\/script>\n\n\n<div\nclass=\"omt-container has-none-background-color omt-container__wrapper--none wp-block-omt-container\" id=\"block_149f7d27be4d19816b4ced9c4d4b9eee\">\n\t<div class=\"omt-container__wrapper omt-container__wrapper--normal omt-container__wrapper--offset-\">\n\t\t<div class=\"acf-innerblocks-container\">\n\n<div\n\tstyle=\"padding-top:var(--wp--preset--spacing--space-90);padding-bottom:var(--wp--preset--spacing--space-90);margin-top:var(--wp--preset--spacing--space-90);\" class=\"omt-details-content wp-block-omt-details-content\"\t>\n\t\t<div class=\"container\">\n\t\t<div class=\"omt-details-content__main animation-element bounce-up text-center\">\n\t\t\t\t\t\t\t<h2 class=\"omt-content-list__heading\">\n\t\t\t\t\tCasa Marcial es un hotel exclusivo para adultos restaurado recientemente que se encuentra situado en un lugar tranquilo y privilegiado del centro hist\u00f3rico de Besal\u00fa.<\/h2>\n\t\t\t\t\t\t\t\t\t\t\t<\/div>\n\t<\/div>\n<\/div>\n\n\n\n<div\n\tstyle=\"padding-bottom:var(--wp--preset--spacing--space-90);\" class=\"omt-left-right-image-content wp-block-omt-left-right-image-content\"\t>\n\t\t\t<div class=\"omt-left-right-image-content__wrapper omt-left-right-image-content__right-img text-card-upper\">\n\t\t\t<div class=\"omt-left-right-image-content__details animation-element bounce-left-to-right\">\n\t\t\t\t\n\t\t\t\t\t\t\t\t\t<h4 class=\"omt-left-right-image-content__title has-h-4-font-size \">Espacios<\/h4>\n\t\t\t\t\t\t\t\t\t\t\t\t\t<div class=\"omt-left-right-image-content__txt\"><p>Formado por dos edificios, el principal est\u00e1 catalogado y es de finales del s. XIX y principios del XX. Es de estilo neocl\u00e1sico y destaca por su fachada y los \u2018alcovats\u2019 de su interior. El segundo edificio, de nueva planta, se ha construido sobre los restos de una antigua casa noble medieval de la primera mitad del s. XVII.<\/p>\n<p>Disfrute de nuestra piscina, con un dise\u00f1o integrado al entorno de los restos medievales del jard\u00edn.<\/p>\n<\/div>\n\t\t\t\t\t\t\t\t<div class=\"omt-left-right-image-content__buttons omt--multiple-button\">\n\t\t\t\t\t<div class=\"omt-buttons  omt-multi-hero__cta\"><a class=\"omt-button  omt-button--transparent-red has-arrow\" href=\"https:\/\/www.casa-marcial.com\/espacios\/\" >Descubre los espacios<\/a><\/div>\t\t\t\t<\/div>\n\t\t\t<\/div>\n\t\t\t<div class=\"omt-left-right-image-content__image-block right-image-block animation-element bounce-up\">\n\t\t\t\t<img decoding=\"async\" width=\"1000\" height=\"945\" src=\"https:\/\/www.casa-marcial.com\/wp-content\/uploads\/2024\/12\/F0328_20181113_108-Pano.jpg\" class=\"omt-left-right-image-content__image\" alt=\"\" loading=\"lazy\" srcset=\"https:\/\/www.casa-marcial.com\/wp-content\/uploads\/2024\/12\/F0328_20181113_108-Pano.jpg 1000w, https:\/\/www.casa-marcial.com\/wp-content\/uploads\/2024\/12\/F0328_20181113_108-Pano-300x284.jpg 300w, https:\/\/www.casa-marcial.com\/wp-content\/uploads\/2024\/12\/F0328_20181113_108-Pano-768x726.jpg 768w, https:\/\/www.casa-marcial.com\/wp-content\/uploads\/2024\/12\/F0328_20181113_108-Pano-413x390.jpg 413w\" sizes=\"auto, (max-width: 1000px) 100vw, 1000px\" \/>\n\t\t\t<\/div>\n\t\t<\/div>\n\t<\/div>\n\n\n\n<div\n\tstyle=\"padding-top:var(--wp--preset--spacing--space-90);padding-bottom:var(--wp--preset--spacing--space-90);\" class=\"omt-left-right-image-content wp-block-omt-left-right-image-content\"\t>\n\t\t\t<div class=\"omt-left-right-image-content__wrapper omt-left-right-image-content__left-img text-card-upper\">\n\t\t\t<div class=\"omt-left-right-image-content__image-block left-image-block animation-element bounce-up\">\n\t\t\t\t<img loading=\"lazy\" decoding=\"async\" width=\"1000\" height=\"667\" src=\"https:\/\/www.casa-marcial.com\/wp-content\/uploads\/2024\/12\/F0328_20181113_001.jpg\" class=\"omt-left-right-image-content__image\" alt=\"\" srcset=\"https:\/\/www.casa-marcial.com\/wp-content\/uploads\/2024\/12\/F0328_20181113_001.jpg 1000w, https:\/\/www.casa-marcial.com\/wp-content\/uploads\/2024\/12\/F0328_20181113_001-300x200.jpg 300w, https:\/\/www.casa-marcial.com\/wp-content\/uploads\/2024\/12\/F0328_20181113_001-768x512.jpg 768w, https:\/\/www.casa-marcial.com\/wp-content\/uploads\/2024\/12\/F0328_20181113_001-480x320.jpg 480w\" sizes=\"auto, (max-width: 1000px) 100vw, 1000px\" \/>\t\t\t<\/div>\n\t\t\t<div class=\"omt-left-right-image-content__details animation-element bounce-left-to-right\">\n\t\t\t\t\t\t\t\t\t<h4 class=\"omt-left-right-image-content__title has-h-4-font-size \">Habitaciones<\/h4>\n\t\t\t\t\t\t\t\t\t\t\t\t\t<div class=\"omt-left-right-image-content__txt\"><p>Casa Marcial Dispone de 12 habitaciones:<br \/>\n5 dobles. 6 suits, y 1 habitaci\u00f3n familiar.<br \/>\nTodas ellas con obertura (40m\u00b2) i d\u2019altres al call jueu.<br \/>\nTodas ellas con apertura al exterior, al jard\u00edn o al barrio jud\u00edo.<\/p>\n<\/div>\n\t\t\t\t\t\t\t\t<div class=\"omt-left-right-image-content__buttons omt--multiple-button\">\n\t\t\t\t\t<div class=\"omt-buttons  omt-multi-hero__cta\"><a class=\"omt-button  omt-button--transparent-red has-arrow\" href=\"https:\/\/www.casa-marcial.com\/habitaciones\/\" >Descubre las habitaciones<\/a><\/div>\t\t\t\t<\/div>\n\t\t\t<\/div>\n\n\t\t<\/div>\n\t<\/div>\n\n<\/div>\n\t<\/div>\n<\/div>\n\n\n\n<div\n\tstyle=\" background: url(https:\/\/www.casa-marcial.com\/wp-content\/uploads\/2024\/12\/besalu.jpg) no-repeat center center \/ cover;\" class=\"omt-multi-hero has-background-color has-none-background-color wp-block-omt-multi-hero\"\t>\n\t<div class=\"container\">\n\t\t\t\t<div class=\"omt-multi-hero__content animation-element bounce-up text-center has-bg-card\">\n\n\t\t\t<h1 class=\"omt-multi-hero__title\">Entorno<\/h1>\n\t\t\t\t\t\t\t<div class=\"omt-multi-hero__description\">\n\t\t\t\t\t<p>Besal\u00fa disfruta de una situaci\u00f3n geogr\u00e1fica de privilegio cerca del Pirineo Catal\u00e1n y de las mejores playas de la Costa Brava.<\/p>\n\t\t\t\t<\/div>\n\t\t\t\t\t\t<div class=\"omt-multi-hero__buttons omt--multiple-button\">\n\t\t\t\t\t\t\t\t\t<div class=\"omt-buttons  omt-multi-hero__cta\"><a class=\"omt-button  omt-button--transparent-red\" href=\"https:\/\/www.casa-marcial.com\/entorno\/\" >Descubre el entorno<\/a><\/div>\t\t\t\t\t<div class=\"omt-buttons  omt-multi-hero__cta\"><a class=\"omt-button  omt-button--transparent-red\" href=\"https:\/\/direct-book.com\/properties\/hotelcasamarcial\" >Reservar habitaci\u00f3n mejor precio<\/a><\/div>\t\t\t<\/div>\n\t\t<\/div>\n\t<\/div>\n<\/div>\n","protected":false},"excerpt":{"rendered":"","protected":false},"author":2,"featured_media":0,"parent":0,"menu_order":0,"comment_status":"closed","ping_status":"closed","template":"","meta":{"_acf_changed":false,"footnotes":""},"class_list":["post-2453","page","type-page","status-publish","hentry"],"acf":[],"_links":{"self":[{"href":"https:\/\/www.casa-marcial.com\/es\/wp-json\/wp\/v2\/pages\/2453","targetHints":{"allow":["GET"]}}],"collection":[{"href":"https:\/\/www.casa-marcial.com\/es\/wp-json\/wp\/v2\/pages"}],"about":[{"href":"https:\/\/www.casa-marcial.com\/es\/wp-json\/wp\/v2\/types\/page"}],"author":[{"embeddable":true,"href":"https:\/\/www.casa-marcial.com\/es\/wp-json\/wp\/v2\/users\/2"}],"replies":[{"embeddable":true,"href":"https:\/\/www.casa-marcial.com\/es\/wp-json\/wp\/v2\/comments?post=2453"}],"version-history":[{"count":12,"href":"https:\/\/www.casa-marcial.com\/es\/wp-json\/wp\/v2\/pages\/2453\/revisions"}],"predecessor-version":[{"id":2783,"href":"https:\/\/www.casa-marcial.com\/es\/wp-json\/wp\/v2\/pages\/2453\/revisions\/2783"}],"wp:attachment":[{"href":"https:\/\/www.casa-marcial.com\/es\/wp-json\/wp\/v2\/media?parent=2453"}],"curies":[{"name":"wp","href":"https:\/\/api.w.org\/{rel}","templated":true}]}}