{"id":2451,"date":"2024-08-01T06:39:28","date_gmt":"2024-08-01T06:39:28","guid":{"rendered":"https:\/\/cmarcial.wp.omitsisdev.com\/politica-privacitat\/"},"modified":"2025-01-08T06:48:02","modified_gmt":"2025-01-08T06:48:02","slug":"politica-de-privacidad","status":"publish","type":"page","link":"https:\/\/www.casa-marcial.com\/es\/politica-de-privacidad\/","title":{"rendered":"Pol\u00edtica de privacidad"},"content":{"rendered":"<div\nstyle=\"padding-top:var(--wp--preset--spacing--space-70);padding-bottom:var(--wp--preset--spacing--space-40);\" class=\"omt-container has-none-background-color omt-container__wrapper--none wp-block-omt-container\" id=\"block_54138a6172516b73394214b6f97c9302\">\n\t<div class=\"omt-container__wrapper omt-container__wrapper--normal omt-container__wrapper--offset-\">\n\t\t<div class=\"acf-innerblocks-container\">\n\n<h1 class=\"wp-block-heading has-h-3-font-size\">POL\u00cdTICA DE PRIVACIDAD<\/h1>\n\n\n\n<figure class=\"wp-block-table\"><table class=\"has-fixed-layout\"><tbody><tr><td colspan=\"2\">Informaci\u00f3n b\u00e1sica sobre protecci\u00f3n de datos<\/td><\/tr><tr><td>Responsable<\/td><td>Suara Inserci\u00f3n, EI, SLU<br>Delegado de Protecci\u00f3n de datos: <a href=\"mailto:dpo@suara.coop\">dpo@suara.coop<\/a><\/td><\/tr><tr><td>Finalidad<\/td><td>Responder a las solicitudes de contacto o informaci\u00f3n<br>Gestionar los procesos de reserva y compra<\/td><\/tr><tr><td>Legitimaci\u00f3n<\/td><td>Consentimiento del interesado\/a<\/td><\/tr><tr><td>Destinatarios<\/td><td>Suara y empresas del grupo<\/td><\/tr><tr><td>Derechos<\/td><td>Acceso, Rectificaci\u00f3n, Supresi\u00f3n, Oposici\u00f3n, limitaci\u00f3n del uso y Portabilidad<\/td><\/tr><tr><td>Plazo conservaci\u00f3n<\/td><td>Se conservar\u00e1n los datos durante el tiempo necesario para atender a la solicitud y para cumplir con las finalidades anteriormente indicadas.<\/td><\/tr><tr><td>Informaci\u00f3n Adicional<\/td><td>Consulte la Informaci\u00f3n Adicional y detallada sobre Protecci\u00f3n de Datos<\/td><\/tr><\/tbody><\/table><\/figure>\n\n\n\n<p><strong>Informaci\u00f3n Adicional<\/strong><\/p>\n\n\n\n<p>La presente \u201cPol\u00edtica de privacidad\u201d regula el tratamiento de datos personales facilitados por el Usuario a trav\u00e9s de la p\u00e1gina web que Suara Inserci\u00f3, EI, SLU (en adelante, \u201cSuara\u201d) pone a disposici\u00f3n de los usuarios de Internet . La presente Pol\u00edtica forma parte integrante del Aviso Legal accesible en todo momento desde la p\u00e1gina web.<\/p>\n\n\n\n<p>El Usuario garantiza que los datos aportados son verdaderos, exactos, completos y actualizados, siendo responsable de cualquier da\u00f1o o perjuicio, directo o indirecto, que pudiera ocasionarse como consecuencia del incumplimiento de tal obligaci\u00f3n. En caso de que los datos aportados pertenecieran a un tercero, el Usuario garantiza que ha informado al tercero de los aspectos contenidos en este documento y ha obtenido su autorizaci\u00f3n para facilitar sus datos a Suara para las finalidades se\u00f1aladas.<\/p>\n\n\n\n<p>La p\u00e1gina web puede ofrecer funcionalidades para compartir contenidos a trav\u00e9s de aplicaciones de terceros como Facebook, Instagram o Tripadvisor. Estas aplicaciones pueden recoger y tratar informaci\u00f3n relacionada con la navegaci\u00f3n del usuario en los distintos sitios webs. Cualquier informaci\u00f3n personal recabada a trav\u00e9s de estas aplicaciones, puede ser utilizada por terceros usuarios de las mismas, y sus interacciones est\u00e1n sometidas a las pol\u00edticas de privacidad de las compa\u00f1\u00edas que facilitan las aplicaciones.<\/p>\n\n\n\n<p>La p\u00e1gina web puede alojar blogs, foros, y otras aplicaciones o servicios de redes sociales con el fin de facilitar el intercambio de conocimiento y contenido. Cualquier informaci\u00f3n personal que se facilite por el usuario puede ser compartida con otros usuarios de este servicio. , sobre los que Suara no tiene ning\u00fan control.<\/p>\n\n\n\n<p>Con el objetivo de ofrecer seguridad t\u00e9cnica y diagn\u00f3stico de sistemas, de forma anonimizada o agregada, Suara podr\u00e1 registrar la direcci\u00f3n IP (n\u00famero de identificaci\u00f3n del acceso a Internet del dispositivo, que permite a los dispositivos, sistemas y servidores reconocer y comunicarse entre s\u00ed). Esta informaci\u00f3n podr\u00e1 ser tambi\u00e9n utilizada con fines anal\u00edticos de rendimiento web.<\/p>\n\n\n\n<p><strong>\u00bfQui\u00e9n es el responsable del tratamiento de los datos personales del Usuario?<\/strong><br>Identidad: Suara Inserci\u00f3, EI, SLU, es una entidad Inscrita en el Registro Mercantil de Barcelona en el Tomo 42.404, Folio 150, Hoja n\u00famero B-407.093, Inscripci\u00f3n 1.<br>CIF: B65463713<br>Domicilio: C. Sancho de \u00c1vila, 52-58, 1\u00ba de Barcelona (08026)<br>Delegado de protecci\u00f3n de datos: <a href=\"mailto:dpo@suara.coop\">dpo@suara.coop<\/a><\/p>\n\n\n\n<p><strong>\u00bfCon qu\u00e9 finalidad tratamos los datos personales del Usuario?<\/strong><br>Suara trata la informaci\u00f3n facilitada por el Usuario con el fin de atender a las solicitudes de diversa \u00edndole llevadas a cabo por la web. En funci\u00f3n de la naturaleza de la solicitud, la finalidad ser\u00e1 la siguiente:<\/p>\n\n\n\n<p>\u2022 Formulario \u201cContacto\u201d: Responder a las solicitudes de contacto o informaci\u00f3n<br>\u2022 Formulario \u201cReservar mejor precio\u201d: Gestionar los procesos de reserva y compra<\/p>\n\n\n\n<p>En caso de que el Usuario se registre en la p\u00e1gina web a trav\u00e9s del login social, Suara \u00fanicamente acceder\u00e1 a los datos personales del Usuario por los que haya prestado su consentimiento durante la configuraci\u00f3n del acceso de la red social que se trate. Cualquier informaci\u00f3n facilitada en conexi\u00f3n con estas aplicaciones sociales podr\u00eda ser accedida por miembros de la correspondiente red social, estas interacciones se regir\u00e1n por las pol\u00edticas de privacidad de las entidades prestamistas de los servicios. Suara no dispone de ning\u00fan control ni responsabilidad respecto a estas entidades o del uso que realicen de la informaci\u00f3n del usuario.<\/p>\n\n\n\n<p><strong>\u00bfPor cu\u00e1nto tiempo conservaremos los datos personales del Usuario?<\/strong><\/p>\n\n\n\n<p>Con car\u00e1cter general, los datos personales proporcionados se conservar\u00e1n durante el tiempo necesario para atender la solicitud del Usuario para cumplir con las finalidades anteriormente indicadas o durante los a\u00f1os necesarios para cumplir con las obligaciones legales y mientras la persona interesada no solicite licite su supresi\u00f3n.<\/p>\n\n\n\n<p><strong>\u00bfCu\u00e1l es la legitimaci\u00f3n para el tratamiento de los datos personales del Usuario?<\/strong><\/p>\n\n\n\n<p>La base legal para el tratamiento de los datos es el consentimiento del Usuario (art\u00edculo 6.1.a del RGPD).<\/p>\n\n\n\n<p><strong>\u00bfA qu\u00e9 destinatarios se comunicar\u00e1n los datos personales del Usuario?<\/strong><\/p>\n\n\n\n<p>Por lo general, el acceso a su informaci\u00f3n personal ser\u00e1 limitado \u00fanicamente a aquellas personas dentro de la organizaci\u00f3n que la necesiten para gestionar su solicitud oa quienes estemos obligados por la legislaci\u00f3n vigente a divulgarla.<\/p>\n\n\n\n<p><strong>\u00bfC\u00f3mo protege Suara su informaci\u00f3n personal?<\/strong><\/p>\n\n\n\n<p>Suara implementa medidas de seguridad organizativas, t\u00e9cnicas y f\u00edsicas con el objetivo de proteger sus datos para evitar violaciones de seguridad y garantizar la confidencialidad, integridad y disponibilidad de sus datos durante todo el tratamiento.<\/p>\n\n\n\n<p><strong>\u00bfCu\u00e1les son sus derechos cuando nos facilita sus datos personales?<\/strong><\/p>\n\n\n\n<p>El Usuario tiene derecho a obtener confirmaci\u00f3n sobre si Suara trata datos personales que le conciernen, as\u00ed como a acceder a sus datos personales, solicitar la rectificaci\u00f3n de los datos inexactos o, en su caso, solicitar su supresi\u00f3n cuando, entre otros motivos, los datos ya no sean necesarios para los fines recogidos.<\/p>\n\n\n\n<p>En determinadas circunstancias, el Usuario podr\u00e1 solicitar la limitaci\u00f3n del tratamiento de sus datos, en cuyo caso \u00fanicamente se conservar\u00e1n para el ejercicio o la defensa de reclamaciones.<\/p>\n\n\n\n<p>En determinadas circunstancias y por motivos relacionados con su situaci\u00f3n particular, el Usuario podr\u00e1 oponerse al tratamiento de sus datos. Suara cesar\u00e1 en el tratamiento de los datos, salvo por motivos leg\u00edtimos imperiosos, o en el ejercicio o defensa de posibles reclamaciones.<\/p>\n\n\n\n<p>Por \u00faltimo, podr\u00e1 el Usuario podr\u00e1 ejercitar su derecho de Portabilidad y, en caso de que proceda, Suara deber\u00e1 gestionar su tramitaci\u00f3n.<\/p>\n\n\n\n<p>El Usuario podr\u00e1 ejercitar sus derechos en los t\u00e9rminos legalmente descritos dirigi\u00e9ndose al Delegado de Protecci\u00f3n de Datos mediante correo postal a: Suara Servicios correo electr\u00f3nico a: dpo@suara.coop con indicaci\u00f3n de la solicitud correspondiente.<\/p>\n\n\n\n<p>Si la persona usuaria lo considera necesario, puede plantear una reclamaci\u00f3n ante la Autoridad de Control, en este caso, a la Agencia Espa\u00f1ola de Protecci\u00f3n de Datos (AEPD) en la direcci\u00f3n: C\/Jorge Juan, 6 \u2013 28001 Madrid o en a trav\u00e9s de la sede electr\u00f3nica:\u00a0<a href=\"http:\/\/sedeagpd.gob.es\" data-type=\"link\" data-id=\"sedeagpd.gob.es\" target=\"_blank\" rel=\"noreferrer noopener\">sedeagpd.gob.es<\/a><\/p>\n\n<\/div>\n\t<\/div>\n<\/div>\n\n\n\n<p><\/p>\n","protected":false},"excerpt":{"rendered":"","protected":false},"author":2,"featured_media":0,"parent":0,"menu_order":0,"comment_status":"closed","ping_status":"closed","template":"","meta":{"_acf_changed":false,"footnotes":""},"class_list":["post-2451","page","type-page","status-publish","hentry"],"acf":[],"_links":{"self":[{"href":"https:\/\/www.casa-marcial.com\/es\/wp-json\/wp\/v2\/pages\/2451","targetHints":{"allow":["GET"]}}],"collection":[{"href":"https:\/\/www.casa-marcial.com\/es\/wp-json\/wp\/v2\/pages"}],"about":[{"href":"https:\/\/www.casa-marcial.com\/es\/wp-json\/wp\/v2\/types\/page"}],"author":[{"embeddable":true,"href":"https:\/\/www.casa-marcial.com\/es\/wp-json\/wp\/v2\/users\/2"}],"replies":[{"embeddable":true,"href":"https:\/\/www.casa-marcial.com\/es\/wp-json\/wp\/v2\/comments?post=2451"}],"version-history":[{"count":1,"href":"https:\/\/www.casa-marcial.com\/es\/wp-json\/wp\/v2\/pages\/2451\/revisions"}],"predecessor-version":[{"id":2515,"href":"https:\/\/www.casa-marcial.com\/es\/wp-json\/wp\/v2\/pages\/2451\/revisions\/2515"}],"wp:attachment":[{"href":"https:\/\/www.casa-marcial.com\/es\/wp-json\/wp\/v2\/media?parent=2451"}],"curies":[{"name":"wp","href":"https:\/\/api.w.org\/{rel}","templated":true}]}}