{"id":2449,"date":"2025-01-03T12:13:52","date_gmt":"2025-01-03T12:13:52","guid":{"rendered":"https:\/\/cmarcial.wp.omitsisdev.com\/avis-legal\/"},"modified":"2025-01-20T06:52:42","modified_gmt":"2025-01-20T06:52:42","slug":"aviso-legal","status":"publish","type":"page","link":"https:\/\/www.casa-marcial.com\/es\/aviso-legal\/","title":{"rendered":"Aviso Legal"},"content":{"rendered":"<div\nstyle=\"padding-top:var(--wp--preset--spacing--space-70);padding-bottom:var(--wp--preset--spacing--space-40);\" class=\"omt-container has-none-background-color omt-container__wrapper--none wp-block-omt-container\" id=\"block_e6700b3644ed9733f88c3ea1d07574c4\">\n\t<div class=\"omt-container__wrapper omt-container__wrapper--normal omt-container__wrapper--offset-\">\n\t\t<div class=\"acf-innerblocks-container\">\n\n<h1 class=\"wp-block-heading has-h-3-font-size\">AVISO LEGAL<\/h1>\n\n\n\n<p>Con el fin de dar cumplimiento al art\u00edculo 10 de la Ley 34\/2002 de Servicios de la Sociedad de la Informaci\u00f3n y del Comercio Electr\u00f3nico, informamos a los usuarios de nuestros datos:<\/p>\n\n\n\n<p><strong>Denominaci\u00f3n Social:<\/strong>&nbsp;SUARA INSERCIO EMPRESA DE INSERCI\u00d3N, SOCIEDAD LIMITADA (Sociedad Unipersonal)<\/p>\n\n\n\n<p><strong>Domicilio Social:<\/strong>&nbsp;C. Sancho de \u00c1vila, 52-58, 1r de Barcelona (08026)<\/p>\n\n\n\n<p><strong>CIF:<\/strong>&nbsp;<em>B65463713<\/em><\/p>\n\n\n\n<p><strong>E-Mail:<\/strong>&nbsp;<a href=\"mailto:info@casa-marcial.com\">info@casa-marcial.com<\/a><\/p>\n\n\n\n<p><strong>Inscripci\u00f3n en el Registro Mercantil:<\/strong>&nbsp;Inscrita en el Registro Mercantil de Barcelona en el Tomo 42.404, Folio 150, Hoja n\u00famero B-407.093, Inscripci\u00f3n 1.<\/p>\n\n\n\n<p><strong>Sitio Web:<\/strong>\u00a0<a href=\"https:\/\/www.casa-marcial.com\/?lang=es\">https:\/\/www.casa-marcial.com\/<\/a><\/p>\n\n\n\n<ol class=\"wp-block-list\">\n<li><strong>OBJETO<\/strong><\/li>\n<\/ol>\n\n\n\n<p><strong>Casa Marcial<\/strong>, como responsable y titular del sitio web (en adelante tambi\u00e9n &#8216;el titular&#8217;), pone a disposici\u00f3n de los usuarios el presente documento, que regula el uso del sitio web <a href=\"https:\/\/www.casa-marcial.com\/?lang=es\">https:\/\/www.casa-marcial.com\/<\/a>, con el que se pretende dar cumplimiento a las obligaciones establecidas en la Ley 34\/2002, de Servicios de la Sociedad de la Informaci\u00f3n y del Comercio Electr\u00f3nico (LSSICE o LSSI), as\u00ed como informar a todos los usuarios del sitio web sobre las condiciones de uso del sitio.<\/p>\n\n\n\n<p>Toda persona que acceda a este sitio web asume el papel de usuario (en adelante \u201cel usuario\u201d), e implica la aceptaci\u00f3n total y sin reservas de todas y cada una de las disposiciones incluidas en este aviso legal, as\u00ed como a cualesquiera otras disposiciones legales que fueran de aplicaci\u00f3n.<\/p>\n\n\n\n<p>Como usuarios, tienen que leer atentamente este Aviso Legal en cualquier de las ocasiones que entren en la p\u00e1gina web, pues \u00e9sta puede sufrir modificaciones ya que la titular se reserva el derecho a modificar cualquier tipo de informaci\u00f3n que pudiera aparecer en la web, sin que exista la obligaci\u00f3n de preavisar o poner en conocimiento de los usuarios estas obligaciones, siendo suficientes la publicaci\u00f3n en el sitio web de la titular.<\/p>\n\n\n\n<ol start=\"2\" class=\"wp-block-list\">\n<li><strong>CONDICIONES DE ACCESO Y USO DE LA WEB<\/strong><\/li>\n<\/ol>\n\n\n\n<p><strong>2.1. Car\u00e1cter gratuito del acceso y uso de la web<\/strong><\/p>\n\n\n\n<p>El acceso que ofrece Casa Marcial a su sitio web tiene car\u00e1cter gratuito para todos los Usuarios. No obstante, algunos de los servicios suministrados por la titular a trav\u00e9s de la Web pueden estar sujetos al pago de un precio determinado a las condiciones generales de contrataci\u00f3n.<\/p>\n\n\n\n<p><strong>2.2. Exactitud de la informaci\u00f3n<\/strong><\/p>\n\n\n\n<p>Casa Marcial se esfuerza por garantizar la precisi\u00f3n y actualizaci\u00f3n de la informaci\u00f3n en su sitio web, pero no asume responsabilidad por las consecuencias derivadas de su lectura. Adem\u00e1s, Casa Marcial no se hace responsable de ning\u00fan da\u00f1o o perjuicio sufrido por el usuario como resultado del acceso o uso de su sitio web o de sus contenidos.<\/p>\n\n\n\n<p><strong>2.4 Obligaci\u00f3n de hacer un uso correcto de la web<\/strong><\/p>\n\n\n\n<p>El Usuario se compromete a utilizar la web de conformidad a la Ley y al presente Aviso Legal, as\u00ed como a la moral, a las buenas costumbres y al orden p\u00fablico. A tal efecto, el Usuario se abstendr\u00e1 de utilizar la web con finalidades il\u00edcitas o prohibidas, lesivas de derechos e intereses de terceros, o que de cualquier forma puedan da\u00f1ar, inutilizar, sobrecargar, deteriorar o impedir la normal utilizaci\u00f3n de equipos inform\u00e1ticos o documentos, archivos y toda clase de contenidos almacenados en cualquier equipo inform\u00e1tico de la titular.<\/p>\n\n\n\n<p>En particular, y a t\u00edtulo indicativo pero no exhaustivo, el Usuario se compromete a no transmitir, difundir o poner a disposici\u00f3n de terceros informaciones, datos, contenidos, mensajes, gr\u00e1ficos, dibujos, archivos de sonido o imagen, fotograf\u00edas, grabaciones, software y, en general, cualquier clase de material que:<\/p>\n\n\n\n<p>(a) sea contraria, desprecie o atente contra los derechos fundamentales y las libertades p\u00fablicas reconocidas constitucionalmente, en tratados internacionales y otras normas vigentes;<\/p>\n\n\n\n<p>(b) induzca, incite o promueva actuaciones delictivas, denigrantes, difamatorias, violentas o, en general, contrarias a la ley, a la moral y al orden p\u00fablico;<\/p>\n\n\n\n<p>(c) induzca, incite o promueva actuaciones, actitudes o pensamientos discriminatorios por raz\u00f3n de sexo, raza, religi\u00f3n, creencias, edad o condici\u00f3n;<\/p>\n\n\n\n<p>(d) sea contrario al derecho al honor, a la intimidad personal o familiar o a la propia imagen de las personas;<\/p>\n\n\n\n<p>(e) de cualquier manera perjudique la credibilidad de la titular o de terceros; y<\/p>\n\n\n\n<p>(f) constituya publicidad il\u00edcita, enga\u00f1osa o desleal.<\/p>\n\n\n\n<ol start=\"3\" class=\"wp-block-list\">\n<li><strong>EXCLUSI\u00d3N DE GARANT\u00cdAS Y RESPONSABILIDAD<\/strong><\/li>\n<\/ol>\n\n\n\n<p>La titular se exime de cualquier tipo de responsabilidad derivada de la informaci\u00f3n publicada en nuestra p\u00e1gina web, siempre que esta informaci\u00f3n haya sido manipulada o introducida por un tercero ajeno.<\/p>\n\n\n\n<p>La p\u00e1gina web ha sido revisada y probada para que funcione correctamente. En principio, se puede garantizar el correcto funcionamiento los 365 d\u00edas del a\u00f1o, 24 horas al d\u00eda. Sin embargo, el titular no descarta la posibilidad que existan determinados errores de programaci\u00f3n, o que sucedan causas de fuerza mayor, cat\u00e1strofes naturales, huelgas, o circunstancias parecidas que hagan imposible el acceso a la p\u00e1gina web.<\/p>\n\n\n\n<p><strong>Casa Marcial<\/strong>&nbsp;no otorga ninguna garant\u00eda ni se hace responsable, en ning\u00fan caso, de los da\u00f1os y perjuicios de cualquier naturaleza que puedan salir a colaci\u00f3n de la falta de disponibilidad, mantenimiento y efectivo funcionamiento de la web o de sus servicios y contenidos; de la existencia de virus, programas maliciosos o lesivos en los contenidos; del uso il\u00edcito, negligente, fraudulento o contrario a este Aviso Legal y condiciones de uso; o de la falta de licitud, calidad, fiabilidad, utilidad y disponibilidad de los servicios prestados por terceros y dem\u00e1s a disposici\u00f3n de los usuarios en la p\u00e1gina web.<\/p>\n\n\n\n<p>La titular no se hace responsable bajo ning\u00fan concepto de los da\u00f1os que puedan dimanar del uso ilegal o indebido de la p\u00e1gina web.<\/p>\n\n\n\n<ol start=\"4\" class=\"wp-block-list\">\n<li><strong>COOKIES<\/strong><\/li>\n<\/ol>\n\n\n\n<p>La p\u00e1gina web utiliza cookies temporales, esenciales para el correcto funcionamiento y visualizaci\u00f3n del sitio, facilitando la navegaci\u00f3n del usuario. Estas cookies no recopilan informaci\u00f3n personal y su duraci\u00f3n se limita a la sesi\u00f3n del usuario, expirando al finalizar esta. Para una informaci\u00f3n m\u00e1s detallada sobre los tipos de cookies utilizadas, su gesti\u00f3n y c\u00f3mo retirar su consentimiento, por favor, consulte nuestra [Pol\u00edtica de Cookies]. Aseguramos que el consentimiento para cookies no esenciales se solicita expl\u00edcitamente, respetando su privacidad y derecho a la configuraci\u00f3n de estas herramientas.<\/p>\n\n\n\n<ol start=\"5\" class=\"wp-block-list\">\n<li><strong>ENLACES (LINKS)<\/strong><\/li>\n<\/ol>\n\n\n\n<p>Desde la web es posible que se redirija a contenidos patrocinados, anuncios y \/ o enlaces de afiliados y \/ o de terceras webs. Entre los enlaces facilitados, existe la posibilidad de informar o hacer referencia a productos y \/ o servicios de terceros. Dado que desde la web no podemos controlar los contenidos introducidos por los terceros, Casa Marcial no asume ning\u00fan tipo de responsabilidad respecto a dichos contenidos. Estos enlaces o menciones se ofrecen \u00fanicamente con fines informativos y no implican respaldo, aprobaci\u00f3n, comercializaci\u00f3n o relaci\u00f3n alguna entre Casa Marcial y los autores o gestores de dichos contenidos, o los propietarios de los sitios enlazados.<\/p>\n\n\n\n<p>Casa Marcial tendr\u00e1 publicados estos enlaces hasta que sean eliminados o suspendidos por la titular o por el anunciante, y no ser\u00e1 responsable aunque estos anuncios puedan ser indexados por otros buscadores ajenos a esta web.<\/p>\n\n\n\n<p>La titular no se responsabiliza de la informaci\u00f3n y contenidos almacenados, a t\u00edtulo enunciativo pero no limitativo, en foros, chats, generadores de blogs, comentarios, redes sociales o cualquier otro medio que permita a terceros publicar contenidos de forma independiente en la web del titular. No obstante y en cumplimiento de lo dispuesto en el art. 11 y 16 de la LSSICE, el titular se pone a disposici\u00f3n de todos los usuarios, autoridades y fuerzas de seguridad, y colaborando de forma activa en la retirada o, cuando sea necesario, el bloqueo de todos aquellos contenidos que puedan afectar o contravenir la legislaci\u00f3n nacional, o internacional, derechos de terceros o la moral y el orden p\u00fablico. En caso de que el usuario considere que puede existir alg\u00fan contenido que pudiera ser susceptible de esta clasificaci\u00f3n, se ruega lo notifique de forma inmediata al administrador de la web<\/p>\n\n\n\n<p>Sin embargo, Casa Marcial le informa que cualquier relaci\u00f3n contractual o extracontractual que el usuario formalice con estos terceros, afiliados o anunciantes mediante el link proporcionado por esta web, ser\u00e1 v\u00e1lido \u00fanicamente y exclusivamente entre el usuario y el anunciante y \/ o tercera persona y Casa Marcial no tendr\u00e1 ning\u00fan tipo de responsabilidad sobre los da\u00f1os o perjuicios que pudieran ser ocasionados por la prestaci\u00f3n de servicios y \/ o relaciones contractuales o extracontractuales realizadas entre el usuario y los anunciantes o terceros contactadas a trav\u00e9s de este portal ya que la titular s\u00f3lo act\u00faa como intermediario o medio publicitario.<\/p>\n\n\n\n<ol start=\"6\" class=\"wp-block-list\">\n<li><strong>PROTECCI\u00d3N DE DATOS PERSONALES<\/strong><\/li>\n<\/ol>\n\n\n\n<p>El titular est\u00e1 profundamente comprometido con el cumplimiento de la normativa de protecci\u00f3n de datos personales y garantiza el cumplimiento \u00edntegro de las obligaciones dispuestas, as\u00ed como la implementaci\u00f3n de las medidas de seguridad dispuestas al Reglamento Europeo de Protecci\u00f3n de datos y la normativa espa\u00f1ola de protecci\u00f3n de datos. Para m\u00e1s informaci\u00f3n, ver nuestra&nbsp;Pol\u00edtica de Privacidad.<\/p>\n\n\n\n<ol start=\"7\" class=\"wp-block-list\">\n<li><strong>PROPIEDAD INTELECTUAL E INDUSTRIAL<\/strong><\/li>\n<\/ol>\n\n\n\n<p>La web, incluyendo a t\u00edtulo enunciativo pero no limitativo la programaci\u00f3n, edici\u00f3n, compilaci\u00f3n y otros elementos necesarios para su funcionamiento, los dise\u00f1os, logotipos, textos, fotograf\u00edas y\/o gr\u00e1ficos son propiedad del de la misma o, en caso de que fuera necesario, dispone de la licencia o autorizaci\u00f3n expresa por parte de los autores. Todos los contenidos de la web se encuentran debidamente protegidos por la normativa de propiedad intelectual e industrial.<\/p>\n\n\n\n<p>Independientemente de la finalidad por la que fueran destinados, la reproducci\u00f3n total o parcial, uso, distribuci\u00f3n y comunicaci\u00f3n p\u00fablica requieren de la autorizaci\u00f3n escrita previa por parte del titular. Cualquier uso no autorizado previamente por parte del titular ser\u00e1 considerado un incumplimiento grave de los derechos de propiedad intelectual o industrial del autor.<\/p>\n\n\n\n<p>Los dise\u00f1os, logotipos, textos y\/o gr\u00e1ficos ajenos a la titular y que puedan aparecer en la web, pertenecen a sus respectivos propietarios, siendo ellos mismos los responsables de cualquier posible controversia que pudiera acontecer respecto a los mismos. En todo caso, el titular cuenta con la autorizaci\u00f3n expresa y previa por parte de los mismos.<\/p>\n\n\n\n<p>El titular reconoce a favor de sus titulares los correspondientes derechos de propiedad industrial e intelectual, no implicando la menci\u00f3n o aparici\u00f3n en el sitio web, de la existencia de derechos o ninguna responsabilidad de la titular sobre los mismos, como tampoco respaldo, patrocinio o recomendaci\u00f3n por parte del mismo.<\/p>\n\n\n\n<p>Para realizar cualquier tipo de observaci\u00f3n respecto a posibles incumplimientos de los derechos de propiedad intelectual o industrial, as\u00ed como sobre cualquiera de los contenidos de la web puede hacerlo a trav\u00e9s del correo electr\u00f3nico arriba rese\u00f1ado.<\/p>\n\n\n\n<ol start=\"8\" class=\"wp-block-list\">\n<li><strong>LEY APLICABLE Y JURISDICCI\u00d3N<\/strong><\/li>\n<\/ol>\n\n\n\n<p>Para la resoluci\u00f3n de las controversias o cuestiones relacionadas con la presente p\u00e1gina web o de las actividades en esta desarrolladas, ser\u00e1 de aplicaci\u00f3n la legislaci\u00f3n espa\u00f1ola, a la que se someten expresamente las partes, siendo competentes por la resoluci\u00f3n de todos los conflictos derivados o relacionados con su uso los Juzgados y Tribunales de Girona.<\/p>\n\n<\/div>\n\t<\/div>\n<\/div>\n","protected":false},"excerpt":{"rendered":"","protected":false},"author":2,"featured_media":0,"parent":0,"menu_order":0,"comment_status":"closed","ping_status":"closed","template":"","meta":{"_acf_changed":false,"footnotes":""},"class_list":["post-2449","page","type-page","status-publish","hentry"],"acf":[],"_links":{"self":[{"href":"https:\/\/www.casa-marcial.com\/es\/wp-json\/wp\/v2\/pages\/2449","targetHints":{"allow":["GET"]}}],"collection":[{"href":"https:\/\/www.casa-marcial.com\/es\/wp-json\/wp\/v2\/pages"}],"about":[{"href":"https:\/\/www.casa-marcial.com\/es\/wp-json\/wp\/v2\/types\/page"}],"author":[{"embeddable":true,"href":"https:\/\/www.casa-marcial.com\/es\/wp-json\/wp\/v2\/users\/2"}],"replies":[{"embeddable":true,"href":"https:\/\/www.casa-marcial.com\/es\/wp-json\/wp\/v2\/comments?post=2449"}],"version-history":[{"count":5,"href":"https:\/\/www.casa-marcial.com\/es\/wp-json\/wp\/v2\/pages\/2449\/revisions"}],"predecessor-version":[{"id":2621,"href":"https:\/\/www.casa-marcial.com\/es\/wp-json\/wp\/v2\/pages\/2449\/revisions\/2621"}],"wp:attachment":[{"href":"https:\/\/www.casa-marcial.com\/es\/wp-json\/wp\/v2\/media?parent=2449"}],"curies":[{"name":"wp","href":"https:\/\/api.w.org\/{rel}","templated":true}]}}