{"id":2445,"date":"2024-12-31T07:24:27","date_gmt":"2024-12-31T07:24:27","guid":{"rendered":"https:\/\/cmarcial.wp.omitsisdev.com\/entorn\/"},"modified":"2026-01-19T13:30:09","modified_gmt":"2026-01-19T13:30:09","slug":"entorno","status":"publish","type":"page","link":"https:\/\/www.casa-marcial.com\/es\/entorno\/","title":{"rendered":"Entorno"},"content":{"rendered":"\n<div\n\tstyle=\" background: url(https:\/\/www.casa-marcial.com\/wp-content\/uploads\/2024\/12\/besalu.jpg) no-repeat center center \/ cover; margin-bottom:var(--wp--preset--spacing--space-90);\" class=\"omt-multi-hero has-background-color has-none-background-color wp-block-omt-multi-hero\"\t>\n\t<div class=\"container\">\n\t\t\t\t<div class=\"omt-multi-hero__content animation-element bounce-up text-center\">\n\n\t\t\t<h1 class=\"omt-multi-hero__title\">Besal\u00fa<\/h1>\n\t\t\t\t\t\t\t<div class=\"omt-multi-hero__description\">\n\t\t\t\t\t<p>Situado en la baja Garrotxa, a caballo de las comarcas del Pla de l\u2019Estany  y del Alt Empord\u00e0, Besal\u00fa disfruta de una situaci\u00f3n geogr\u00e1fica de privilegio.<\/p>\n\t\t\t\t<\/div>\n\t\t\t\t\t\t<div class=\"omt-multi-hero__buttons omt--multiple-button\">\n\t\t\t\t\t\t\t\t\t<div class=\"omt-buttons  omt-multi-hero__cta\"><a class=\"omt-button  omt-button--transparent\" href=\"https:\/\/direct-book.com\/properties\/hotelcasamarcial\"  target=\"_blank\">Reservar mejor precio<\/a><\/div>\t\t\t<\/div>\n\t\t<\/div>\n\t<\/div>\n<\/div>\n\n\n<div\nclass=\"omt-container has-none-background-color omt-container__wrapper--none wp-block-omt-container\" id=\"block_702030e3bf7c0330a3a73c3deb8587d6\">\n\t<div class=\"omt-container__wrapper omt-container__wrapper--normal omt-container__wrapper--offset-\">\n\t\t<div class=\"acf-innerblocks-container\">\n\n<div\n\tstyle=\"padding-top:var(--wp--preset--spacing--space-90);padding-bottom:var(--wp--preset--spacing--space-90);\" class=\"omt-details-content wp-block-omt-details-content\"\t>\n\t\t<div class=\"container\">\n\t\t<div class=\"omt-details-content__main animation-element bounce-up text-left\">\n\t\t\t\t\t\t\t<h2 class=\"omt-content-list__heading\">\n\t\t\t\t\tSi bien pose restos ib\u00e9ricos y romanos que dan testimonio de su antiguo origen, Besal\u00fa es b\u00e1sicamente un villa medieval.<\/h2>\n\t\t\t\t\t\t\t\t\t\t<div class=\"omt-details-content__txt\"><p>Fue capital del Condado de Besal\u00fa (s. IX \u2013 s. XII) y acogi\u00f3 a una importante comunidad jud\u00eda (s. IX \u2013 s. XV). Un conjunto de monumentos concentrados en un reducido espacio ponen en evidencia su antiguo esplendor: el puente rom\u00e1nico (s. XI); las iglesias rom\u00e1nicas de San Pedro (s. X), San Vicente (s. X), Santa Maria (s. XII) y San Juli\u00e1n (s. XII); los ba\u00f1os jud\u00edos (Mikw\u00e8), \u00fanicos en Espa\u00f1a (s. XII \u2013 s. XIII); restos de muralla; Casa Llaudes (rom\u00e1nico civil); casa de la calle Tallaferro (estilo g\u00f3tico); Plaza Mayor porticada \u2026<\/p>\n<\/div>\n\t\t\t\t\t\t<div class=\"omt-buttons  omt-multi-hero__cta info-arrow-btn\"><a class=\"omt-button  omt-button--transparent-red\" href=\"http:\/\/www.besalu.cat\/\"  target=\"_blank\">+Info<\/a><\/div>\t\t<\/div>\n\t<\/div>\n<\/div>\n\n<\/div>\n\t<\/div>\n<\/div>\n\n\n\n<div\n\tstyle=\"padding-top:var(--wp--preset--spacing--space-90);padding-bottom:var(--wp--preset--spacing--space-90);\" class=\"omt-video-banner wp-block-omt-video-banner\"\t>\n\t\t\t\t<div class=\"container-full-width\">\n\t\t\t<div class=\"omt-video-banner__wrapper\" style=\"background-image: url(https:\/\/www.casa-marcial.com\/wp-content\/uploads\/2024\/12\/6635439167_9ec5c0b261_b.jpg)\">\n\t\t\t\t<div class=\"omt-video-banner__desc animation-element bounce-up\">\n\t\t\t\t\t\t\t\t\t\t\t<h2 class=\"omt-video-banner__title\">Pirineo Catalan<\/h2>\n\t\t\t\t\t\t\t\t\t\t\t\t\t\t\t\t<div class=\"omt-video-banner__txt\">A 70 km. de las pistas de esqu\u00ed del Pirineo Catal\u00e1n<\/div>\n\t\t\t\t\t\t\t\t\t\t<span class=\"omt-video-banner__button\">\n\t\t\t\t\t\t<svg version=\"1.1\" xmlns=\"http:\/\/www.w3.org\/2000\/svg\" xmlns:xlink=\"http:\/\/www.w3.org\/1999\/xlink\" width=\"600px\" height=\"800px\" x=\"0px\" y=\"0px\" viewBox=\"0 0 600 800\" enable-background=\"new 0 0 600 800\" xml:space=\"preserve\">\n\t\t\t\t\t\t\t<path fill=\"none\" d=\"M0-1.79v800L600,395L0-1.79z\"><\/path>\n\t\t\t\t\t\t<\/svg>\n\t\t\t\t\t<\/span>\n\t\t\t\t<\/div>\n\t\t\t\t<div class=\"omt-video-banner__popup\">\n\t\t\t\t\t<div class=\"omt-video-banner__popup-wrapper\">\n\t\t\t\t\t\t<iframe src=\"https:\/\/player.vimeo.com\/video\/65573314\" class=\"omt-video-banner__popup-video\" frameborder=\"0\" allow=\"autoplay; fullscreen; picture-in-picture\" allowfullscreen><\/iframe>\t\t\t\t\t\t<svg width=\"22\" class=\"omt-video-banner__popup-close\" height=\"22\" viewBox=\"0 0 22 22\" fill=\"none\" xmlns=\"http:\/\/www.w3.org\/2000\/svg\">\n\t\t\t\t\t\t\t<path id=\"Vector\" d=\"M19.5716 2.42847L2.42871 19.5713M2.42871 2.42847L19.5716 19.5713\" stroke=\"white\" stroke-width=\"3\" stroke-linecap=\"round\" stroke-linejoin=\"round\" \/>\n\t\t\t\t\t\t<\/svg>\n\t\t\t\t\t<\/div>\n\t\t\t\t<\/div>\n\t\t\t<\/div>\n\t\t\t\t\t<\/div>\n\t<\/div>\n\n\n<div\nclass=\"omt-container has-none-background-color omt-container__wrapper--none wp-block-omt-container\" id=\"block_702030e3bf7c0330a3a73c3deb8587d6\">\n\t<div class=\"omt-container__wrapper omt-container__wrapper--normal omt-container__wrapper--offset-\">\n\t\t<div class=\"acf-innerblocks-container\">\n\n<div\n\tstyle=\"padding-top:var(--wp--preset--spacing--space-90);padding-bottom:var(--wp--preset--spacing--space-90);\" class=\"omt-left-right-image-content wp-block-omt-left-right-image-content\"\t>\n\t\t\t<div class=\"omt-left-right-image-content__wrapper omt-left-right-image-content__right-img \">\n\t\t\t<div class=\"omt-left-right-image-content__details animation-element bounce-left-to-right\">\n\t\t\t\t\n\t\t\t\t\t\t\t\t\t<h4 class=\"omt-left-right-image-content__title has-h-4-font-size \">Entorno<\/h4>\n\t\t\t\t\t\t\t\t\t\t\t\t\t<div class=\"omt-left-right-image-content__txt\"><p>A 70 km. de las pistas de esqu\u00ed del Pirineo Catal\u00e1n (Vallter, La Molina) y a 45km de las mejores playas de la Costa Brava (Rosas, Cadaqu\u00e9s\u2026)<\/p>\n<p>A 25 km. de la zona volc\u00e1nica de Olot as\u00ed como tambi\u00e9n a pocos minutos de prestigiosos campos de golf (Torremirona, Perelada\u2026)<\/p>\n<p>A 25 km. de Figueres y del Museo Dal\u00ed y 12 km. del lago de Banyoles, sede de campeonatos mundiales de regatas y de los Juegos Ol\u00edmpicos y a 30km de la ciudad de Girona.<\/p>\n<\/div>\n\t\t\t\t\t\t\t\t<div class=\"omt-left-right-image-content__buttons omt--multiple-button\">\n\t\t\t\t\t\t\t\t\t<\/div>\n\t\t\t<\/div>\n\t\t\t<div class=\"omt-left-right-image-content__image-block right-image-block animation-element bounce-up\">\n\t\t\t\t<img decoding=\"async\" width=\"1556\" height=\"1250\" src=\"https:\/\/www.casa-marcial.com\/wp-content\/uploads\/2024\/12\/mapa.jpg\" class=\"omt-left-right-image-content__image\" alt=\"\" loading=\"lazy\" srcset=\"https:\/\/www.casa-marcial.com\/wp-content\/uploads\/2024\/12\/mapa.jpg 1556w, https:\/\/www.casa-marcial.com\/wp-content\/uploads\/2024\/12\/mapa-300x241.jpg 300w, https:\/\/www.casa-marcial.com\/wp-content\/uploads\/2024\/12\/mapa-1024x823.jpg 1024w, https:\/\/www.casa-marcial.com\/wp-content\/uploads\/2024\/12\/mapa-768x617.jpg 768w, https:\/\/www.casa-marcial.com\/wp-content\/uploads\/2024\/12\/mapa-1536x1234.jpg 1536w, https:\/\/www.casa-marcial.com\/wp-content\/uploads\/2024\/12\/mapa-480x386.jpg 480w\" sizes=\"auto, (max-width: 1556px) 100vw, 1556px\" \/>\n\t\t\t<\/div>\n\t\t<\/div>\n\t<\/div>\n\n<\/div>\n\t<\/div>\n<\/div>\n\n\n\n<div\n\tstyle=\"margin-top:var(--wp--preset--spacing--space-90);margin-bottom:var(--wp--preset--spacing--space-50);\" class=\"omt-video-banner wp-block-omt-video-banner\"\t>\n\t\t\t\t<div class=\"container-full-width\">\n\t\t\t<div class=\"omt-video-banner__wrapper\" style=\"background-image: url(https:\/\/www.casa-marcial.com\/wp-content\/uploads\/2024\/12\/6159972204_25440a293a_b-1.jpg)\">\n\t\t\t\t<div class=\"omt-video-banner__desc animation-element bounce-up\">\n\t\t\t\t\t\t\t\t\t\t\t<h2 class=\"omt-video-banner__title\">Costa Brava<\/h2>\n\t\t\t\t\t\t\t\t\t\t\t\t\t\t\t\t<div class=\"omt-video-banner__txt\">A 45 km de las mejores playas de la Costa Brava. Rosas, Cadaqu\u00e9s\u2026<\/div>\n\t\t\t\t\t\t\t\t\t\t<span class=\"omt-video-banner__button\">\n\t\t\t\t\t\t<svg version=\"1.1\" xmlns=\"http:\/\/www.w3.org\/2000\/svg\" xmlns:xlink=\"http:\/\/www.w3.org\/1999\/xlink\" width=\"600px\" height=\"800px\" x=\"0px\" y=\"0px\" viewBox=\"0 0 600 800\" enable-background=\"new 0 0 600 800\" xml:space=\"preserve\">\n\t\t\t\t\t\t\t<path fill=\"none\" d=\"M0-1.79v800L600,395L0-1.79z\"><\/path>\n\t\t\t\t\t\t<\/svg>\n\t\t\t\t\t<\/span>\n\t\t\t\t<\/div>\n\t\t\t\t<div class=\"omt-video-banner__popup\">\n\t\t\t\t\t<div class=\"omt-video-banner__popup-wrapper\">\n\t\t\t\t\t\t<iframe src=\"https:\/\/player.vimeo.com\/video\/25627291\" class=\"omt-video-banner__popup-video\" frameborder=\"0\" allow=\"autoplay; fullscreen; picture-in-picture\" allowfullscreen><\/iframe>\t\t\t\t\t\t<svg width=\"22\" class=\"omt-video-banner__popup-close\" height=\"22\" viewBox=\"0 0 22 22\" fill=\"none\" xmlns=\"http:\/\/www.w3.org\/2000\/svg\">\n\t\t\t\t\t\t\t<path id=\"Vector\" d=\"M19.5716 2.42847L2.42871 19.5713M2.42871 2.42847L19.5716 19.5713\" stroke=\"white\" stroke-width=\"3\" stroke-linecap=\"round\" stroke-linejoin=\"round\" \/>\n\t\t\t\t\t\t<\/svg>\n\t\t\t\t\t<\/div>\n\t\t\t\t<\/div>\n\t\t\t<\/div>\n\t\t\t<div class=\"omt-buttons  omt-video-banner__bottom-button omt-multi-hero__cta text-center\"><a class=\"omt-button  omt-button--transparent-red\" href=\"https:\/\/direct-book.com\/properties\/hotelcasamarcial\"  target=\"_blank\">Reservar habitaci\u00f3n mejor precio<\/a><\/div>\t\t<\/div>\n\t<\/div>\n","protected":false},"excerpt":{"rendered":"","protected":false},"author":2,"featured_media":0,"parent":0,"menu_order":0,"comment_status":"closed","ping_status":"closed","template":"","meta":{"_acf_changed":false,"footnotes":""},"class_list":["post-2445","page","type-page","status-publish","hentry"],"acf":[],"_links":{"self":[{"href":"https:\/\/www.casa-marcial.com\/es\/wp-json\/wp\/v2\/pages\/2445","targetHints":{"allow":["GET"]}}],"collection":[{"href":"https:\/\/www.casa-marcial.com\/es\/wp-json\/wp\/v2\/pages"}],"about":[{"href":"https:\/\/www.casa-marcial.com\/es\/wp-json\/wp\/v2\/types\/page"}],"author":[{"embeddable":true,"href":"https:\/\/www.casa-marcial.com\/es\/wp-json\/wp\/v2\/users\/2"}],"replies":[{"embeddable":true,"href":"https:\/\/www.casa-marcial.com\/es\/wp-json\/wp\/v2\/comments?post=2445"}],"version-history":[{"count":4,"href":"https:\/\/www.casa-marcial.com\/es\/wp-json\/wp\/v2\/pages\/2445\/revisions"}],"predecessor-version":[{"id":2786,"href":"https:\/\/www.casa-marcial.com\/es\/wp-json\/wp\/v2\/pages\/2445\/revisions\/2786"}],"wp:attachment":[{"href":"https:\/\/www.casa-marcial.com\/es\/wp-json\/wp\/v2\/media?parent=2445"}],"curies":[{"name":"wp","href":"https:\/\/api.w.org\/{rel}","templated":true}]}}