{"id":2439,"date":"2024-12-30T11:23:13","date_gmt":"2024-12-30T11:23:13","guid":{"rendered":"https:\/\/cmarcial.wp.omitsisdev.com\/habitacions\/"},"modified":"2026-01-19T13:29:30","modified_gmt":"2026-01-19T13:29:30","slug":"habitaciones","status":"publish","type":"page","link":"https:\/\/www.casa-marcial.com\/es\/habitaciones\/","title":{"rendered":"Habitaciones"},"content":{"rendered":"\n<div\n\tstyle=\" background: url(https:\/\/www.casa-marcial.com\/wp-content\/uploads\/2024\/12\/habitacions_casa_marcial_01.jpg) no-repeat center center \/ cover;\" class=\"omt-multi-hero has-background-color has-none-background-color wp-block-omt-multi-hero\"\t>\n\t<div class=\"container\">\n\t\t\t\t<div class=\"omt-multi-hero__content animation-element bounce-up text-center\">\n\n\t\t\t<h1 class=\"omt-multi-hero__title\">Las habitaciones<\/h1>\n\t\t\t\t\t\t\t<div class=\"omt-multi-hero__description\">\n\t\t\t\t\t<p>Casa Marcial dispone de 12 habitaciones: 5 dobles, 6 suits y 1 habitaci\u00f3n familiar.  Todas ellas con apertura al exterior, al jard\u00edn o al callo jud\u00edo.<\/p>\n\t\t\t\t<\/div>\n\t\t\t\t\t\t<div class=\"omt-multi-hero__buttons omt--multiple-button\">\n\t\t\t\t\t\t\t\t\t<div class=\"omt-buttons  omt-multi-hero__cta\"><a class=\"omt-button  omt-button--transparent\" href=\"https:\/\/direct-book.com\/properties\/hotelcasamarcial\" >Reservar mejor precio<\/a><\/div>\t\t\t\t\t<div class=\"omt-buttons  omt-multi-hero__cta\"><a class=\"omt-button  omt-button--red\" href=\"#\" >Mejor precio garantizado reservando con nosotros<\/a><\/div>\t\t\t<\/div>\n\t\t<\/div>\n\t<\/div>\n<\/div>\n\n\n<div\nclass=\"omt-container has-none-background-color omt-container__wrapper--none wp-block-omt-container\" id=\"block_6bf75dfdbadfa19f2d235723fecb20fb\">\n\t<div class=\"omt-container__wrapper omt-container__wrapper--normal omt-container__wrapper--offset-\">\n\t\t<div class=\"acf-innerblocks-container\">\n\n<div\n\tstyle=\"padding-top:var(--wp--preset--spacing--space-80);padding-bottom:var(--wp--preset--spacing--space-50);\" class=\"omt-left-right-image-content wp-block-omt-left-right-image-content\"\t>\n\t\t\t<div class=\"omt-left-right-image-content__wrapper omt-left-right-image-content__left-img text-card-upper\">\n\t\t\t<div class=\"omt-left-right-image-content__image-block left-image-block animation-element bounce-up\">\n\t\t\t\t<img loading=\"lazy\" decoding=\"async\" width=\"771\" height=\"1000\" src=\"https:\/\/www.casa-marcial.com\/wp-content\/uploads\/2024\/12\/F0328_20181113_090.jpg\" class=\"omt-left-right-image-content__image\" alt=\"\" srcset=\"https:\/\/www.casa-marcial.com\/wp-content\/uploads\/2024\/12\/F0328_20181113_090.jpg 771w, https:\/\/www.casa-marcial.com\/wp-content\/uploads\/2024\/12\/F0328_20181113_090-231x300.jpg 231w, https:\/\/www.casa-marcial.com\/wp-content\/uploads\/2024\/12\/F0328_20181113_090-768x996.jpg 768w, https:\/\/www.casa-marcial.com\/wp-content\/uploads\/2024\/12\/F0328_20181113_090-301x390.jpg 301w\" sizes=\"auto, (max-width: 771px) 100vw, 771px\" \/>\t\t\t<\/div>\n\t\t\t<div class=\"omt-left-right-image-content__details animation-element bounce-left-to-right\">\n\t\t\t\t\t\t\t\t\t<h4 class=\"omt-left-right-image-content__title has-h-4-font-size \">Habitaci\u00f3n doble<\/h4>\n\t\t\t\t\t\t\t\t\t\t\t\t\t<div class=\"omt-left-right-image-content__txt\"><p>Habitaciones confortables de 20m\u00b2, modernas y elegantes con vistas al barrio jud\u00edo. Disponen de ba\u00f1o privado con ducha y cama de matrimonio.<\/p>\n<\/div>\n\t\t\t\t\t\t\t\t<div class=\"omt-left-right-image-content__buttons omt--multiple-button\">\n\t\t\t\t\t<div class=\"omt-buttons  omt-multi-hero__cta\"><a class=\"omt-button  omt-button--transparent-red\" href=\"https:\/\/direct-book.com\/properties\/hotelcasamarcial\" >Reservar mejor precio garantizado<\/a><\/div><div class=\"omt-buttons  omt-multi-hero__cta\"><a class=\"omt-button  omt-button--transparent-red\" href=\"https:\/\/www.casa-marcial.com\/es\/portfolio\/habitacio-doble\/\" >info<\/a><\/div>\t\t\t\t<\/div>\n\t\t\t<\/div>\n\n\t\t<\/div>\n\t<\/div>\n\n\n\n<div\n\tstyle=\"padding-top:var(--wp--preset--spacing--space-50);padding-bottom:var(--wp--preset--spacing--space-80);\" class=\"omt-left-right-image-content wp-block-omt-left-right-image-content\"\t>\n\t\t\t<div class=\"omt-left-right-image-content__wrapper omt-left-right-image-content__right-img text-card-upper\">\n\t\t\t<div class=\"omt-left-right-image-content__details animation-element bounce-left-to-right\">\n\t\t\t\t\n\t\t\t\t\t\t\t\t\t<h4 class=\"omt-left-right-image-content__title has-h-4-font-size \">Suite<\/h4>\n\t\t\t\t\t\t\t\t\t\t\t\t\t<div class=\"omt-left-right-image-content__txt\"><p>Habitaciones de 40m\u00b2 luminosas y espaciosas con un sal\u00f3n. Algunas con vistas al jard\u00edn (40m\u00b2) y otras al barrio jud\u00edo.<\/p>\n<\/div>\n\t\t\t\t\t\t\t\t<div class=\"omt-left-right-image-content__buttons omt--multiple-button\">\n\t\t\t\t\t<div class=\"omt-buttons  omt-multi-hero__cta\"><a class=\"omt-button  omt-button--transparent-red\" href=\"https:\/\/direct-book.com\/properties\/hotelcasamarcial\" >Reservar mejor precio garantizado<\/a><\/div><div class=\"omt-buttons  omt-multi-hero__cta\"><a class=\"omt-button  omt-button--transparent-red\" href=\"https:\/\/www.casa-marcial.com\/es\/portfolio\/suite\/\" >info<\/a><\/div>\t\t\t\t<\/div>\n\t\t\t<\/div>\n\t\t\t<div class=\"omt-left-right-image-content__image-block right-image-block animation-element bounce-up\">\n\t\t\t\t<img decoding=\"async\" width=\"1000\" height=\"561\" src=\"https:\/\/www.casa-marcial.com\/wp-content\/uploads\/2024\/12\/F0328_20181113_024.jpg\" class=\"omt-left-right-image-content__image\" alt=\"\" loading=\"lazy\" srcset=\"https:\/\/www.casa-marcial.com\/wp-content\/uploads\/2024\/12\/F0328_20181113_024.jpg 1000w, https:\/\/www.casa-marcial.com\/wp-content\/uploads\/2024\/12\/F0328_20181113_024-300x168.jpg 300w, https:\/\/www.casa-marcial.com\/wp-content\/uploads\/2024\/12\/F0328_20181113_024-768x431.jpg 768w, https:\/\/www.casa-marcial.com\/wp-content\/uploads\/2024\/12\/F0328_20181113_024-480x269.jpg 480w\" sizes=\"auto, (max-width: 1000px) 100vw, 1000px\" \/>\n\t\t\t<\/div>\n\t\t<\/div>\n\t<\/div>\n\n<\/div>\n\t<\/div>\n<\/div>\n","protected":false},"excerpt":{"rendered":"","protected":false},"author":2,"featured_media":0,"parent":0,"menu_order":0,"comment_status":"closed","ping_status":"closed","template":"","meta":{"_acf_changed":false,"footnotes":""},"class_list":["post-2439","page","type-page","status-publish","hentry"],"acf":[],"_links":{"self":[{"href":"https:\/\/www.casa-marcial.com\/es\/wp-json\/wp\/v2\/pages\/2439","targetHints":{"allow":["GET"]}}],"collection":[{"href":"https:\/\/www.casa-marcial.com\/es\/wp-json\/wp\/v2\/pages"}],"about":[{"href":"https:\/\/www.casa-marcial.com\/es\/wp-json\/wp\/v2\/types\/page"}],"author":[{"embeddable":true,"href":"https:\/\/www.casa-marcial.com\/es\/wp-json\/wp\/v2\/users\/2"}],"replies":[{"embeddable":true,"href":"https:\/\/www.casa-marcial.com\/es\/wp-json\/wp\/v2\/comments?post=2439"}],"version-history":[{"count":6,"href":"https:\/\/www.casa-marcial.com\/es\/wp-json\/wp\/v2\/pages\/2439\/revisions"}],"predecessor-version":[{"id":2784,"href":"https:\/\/www.casa-marcial.com\/es\/wp-json\/wp\/v2\/pages\/2439\/revisions\/2784"}],"wp:attachment":[{"href":"https:\/\/www.casa-marcial.com\/es\/wp-json\/wp\/v2\/media?parent=2439"}],"curies":[{"name":"wp","href":"https:\/\/api.w.org\/{rel}","templated":true}]}}